{"id":5966,"date":"2018-05-24T09:31:37","date_gmt":"2018-05-24T09:31:37","guid":{"rendered":"https:\/\/hellobugco.com\/dev\/?page_id=5966"},"modified":"2023-10-05T13:07:25","modified_gmt":"2023-10-05T13:07:25","slug":"terms-conditions","status":"publish","type":"page","link":"https:\/\/hellobugco.com\/de\/bedingungen-bedingungen\/","title":{"rendered":"Bedingungen &amp; Datenschutz"},"content":{"rendered":"<p>Zuletzt aktualisiert: Mai 2018<\/p>\n<p>G Concepts BV, handelnd als TheBugCo\u00ae, sch\u00e4tzt die Privatsph\u00e4re seiner Kunden und beachtet die geb\u00fchrende Sorgfalt bei der Verarbeitung und dem Schutz pers\u00f6nlicher Daten.<\/p>\n<p>\u00dcber unsere Website werden datenschutzsensible und personenbezogene Daten verarbeitet, wobei wir bei der Verarbeitung die Anforderungen der geltenden Datenschutzgesetze einhalten. Dies bedeutet, dass wir:<\/p>\n<ul>\n<li><strong>Legen Sie unsere Ziele klar fest<\/strong> bevor wir personenbezogene Daten verarbeiten, indem Sie diese Datenschutzerkl\u00e4rung verwenden.<\/li>\n<li><strong>Begrenzen Sie unsere Sammlung von pers\u00f6nlichen Daten<\/strong> nur die personenbezogenen Daten, die f\u00fcr rechtm\u00e4\u00dfige Zwecke ben\u00f6tigt werden.<\/li>\n<li>Erste <strong>um ausdr\u00fcckliche Erlaubnis bitten<\/strong> Ihre personenbezogenen Daten in den F\u00e4llen zu verarbeiten, in denen Ihre Zustimmung erforderlich ist.<\/li>\n<li>Ergreifen Sie angemessene Sicherheitsma\u00dfnahmen zum Schutz Ihrer personenbezogenen Daten und verlangen Sie das Gleiche von Parteien, die personenbezogene Daten in unserem Auftrag verarbeiten.<\/li>\n<li>Respektieren Sie Ihr <strong>Recht auf Einsicht, Berichtigung oder L\u00f6schung Ihrer personenbezogenen Daten<\/strong> von uns gehalten werden.<\/li>\n<\/ul>\n<p>TheBugCo\u00ae ist der Verantwortliche f\u00fcr die gesamte Datenverarbeitung. In dieser Datenschutzerkl\u00e4rung erl\u00e4utern wir, welche personenbezogenen Daten wir sammeln und f\u00fcr welche Zwecke. Wir empfehlen Ihnen, sie sorgf\u00e4ltig zu lesen.<\/p>\n<h2>Shipping<\/h2>\n<p>All orders a processed within 24hrs. Orders are not shipped on weekends or holidays. If we experience a high volume of orders, shipments may be delayed by 24 hrs.<br \/>\nDeliver times vary. Please allow 3-7 days in Europe and 7-10 days outside Europe.<\/p>\n<h2>Returns &amp; Refunds<\/h2>\n<p>Didn\u2019t love what you ordered? We are happy to accept online returns within 30 days of your purchase date for a full refund or exchange for an item of equal value. Items returned after the 30-day return period are not eligible for a refund or exchange. Items must be returned in undamaged and clean resalable condition.<\/p>\n<p class=\"\">To make a return, please email contact@hellobugco.com with your order number. We\u2019ll help you process your return and provide a free shipping label for your purchased item. Simply repackage your item and drop it off at you nearest post office. Once we receive your return, please allow 3-5 business days for processing. If your return is accepted, please allow 3-5 business days for a refund to appear on your original method of payment.<\/p>\n<h2>Verwendung von personenbezogenen Daten<\/h2>\n<p>Wir nehmen Ihr Vertrauen und Ihr Recht auf Privatsph\u00e4re ernst und arbeiten kontinuierlich daran, Ihren digitalen Fu\u00dfabdruck klein und unter Ihrer Kontrolle zu halten. Dennoch m\u00fcssen wir einige personenbezogene Daten verarbeiten, um Ihnen den Ablauf zu erm\u00f6glichen und um unseren Service zu verbessern und zu sichern.<\/p>\n<p>Indem Sie unsere Website nutzen, stellen Sie uns bestimmte Daten zur Verf\u00fcgung. Dabei kann es sich um personenbezogene Daten handeln. Wir speichern und verwenden nur personenbezogene Daten, die entweder direkt von Ihnen zur Verf\u00fcgung gestellt wurden oder die uns eindeutig zur Verarbeitung \u00fcbergeben wurden.<\/p>\n<p>Wir k\u00f6nnen die folgenden personenbezogenen Daten erheben und verarbeiten:<\/p>\n<ul>\n<li>Pers\u00f6nliche Daten, die Sie durch das Ausf\u00fcllen von Formularen auf unserer Website zur Verf\u00fcgung stellen. Dazu geh\u00f6ren die Registrierung zur Nutzung der Website, das Abonnieren von Diensten, Newslettern und Benachrichtigungen, die Anmeldung zu einer Konferenz oder die Anforderung eines White Papers oder weiterer Informationen. Seiten, die diese Art von personenbezogenen Daten erheben, k\u00f6nnen weitere Informationen dar\u00fcber liefern, warum Ihre personenbezogenen Daten ben\u00f6tigt werden und wie sie verwendet werden. Es liegt ganz bei Ihnen, ob Sie diese zur Verf\u00fcgung stellen m\u00f6chten.<\/li>\n<li>Wenn Sie mit uns Kontakt aufnehmen, k\u00f6nnen wir eine Aufzeichnung dieser Korrespondenz aufbewahren.<\/li>\n<li>Unsere Website erhebt personenbezogene Daten \u00fcber Ihren Computer, einschlie\u00dflich (sofern verf\u00fcgbar) Ihrer IP-Adresse, Ihres Betriebssystems und Ihres Browsertyps, zur Systemverwaltung, zur Filterung des Datenverkehrs, zum Nachschlagen von Benutzerdom\u00e4nen und zur Erstellung von Statistiken.<\/li>\n<li>Details \u00fcber Ihre Besuche auf unserer Website, die von Ihnen angezeigten Seiten und die Ressourcen, auf die Sie zugreifen oder die Sie herunterladen, einschlie\u00dflich, aber nicht beschr\u00e4nkt auf, Verkehrsdaten, Standortdaten, Weblogs und andere Kommunikationsdaten. Weitere Informationen finden Sie im Abschnitt Cookies weiter unten.<\/li>\n<\/ul>\n<h2>Die Verarbeitungsgr\u00fcnde<\/h2>\n<p>TheBugCo\u00ae kann Ihre pers\u00f6nlichen Daten f\u00fcr die folgenden Zwecke verarbeiten:<\/p>\n<ul>\n<li>Betrieb des Dienstes und\/oder der Website<\/li>\n<li>Bereitstellung von (technischem) Support, wenn Sie sich an uns wenden<\/li>\n<\/ul>\n<p>Diese beiden Verarbeitungst\u00e4tigkeiten sind f\u00fcr die Erf\u00fcllung des Vertrags\/der Website erforderlich.<\/p>\n<ul>\n<li>Weiterverfolgung rechtlicher Anfragen f\u00fcr Missbrauchsberichte, NTD-Berichte und Betrugsuntersuchungen<\/li>\n<\/ul>\n<p>Diese Verarbeitungst\u00e4tigkeiten dienen der Erf\u00fcllung unserer gesetzlichen Verpflichtung. Im Falle eines Versto\u00dfes oder wenn wir unsere Bedingungen aufrechterhalten m\u00fcssen, m\u00fcssen wir zum Beispiel in der Lage sein, (einige) Ihrer personenbezogenen Daten zu suchen oder weiterzugeben.<\/p>\n<ul>\n<li>Auswertung der Nutzung unserer Website und unseres Services sowie zu statistischen Zwecken. Wir verwenden die Daten nur in pseudonymisierter Form, wenn wir Ihre Daten zu diesem Zweck nutzen. Das bedeutet, dass wir die Daten nicht direkt auf Sie zur\u00fcckf\u00fchren k\u00f6nnen. Anstelle Ihrer E-Mail-Adresse verwenden wir beispielsweise eine zuf\u00e4llige Zeichenfolge.<\/li>\n<\/ul>\n<p>Die Analyse des Nutzerverhaltens basiert auf berechtigtem Interesse. Das bedeutet, dass wir diese Aktivit\u00e4t ben\u00f6tigen, um unser Gesch\u00e4ft zu sch\u00fctzen und auszubauen. Ohne die M\u00f6glichkeit, das Nutzerverhalten zu betrachten, w\u00fcrden wir h\u00f6chstwahrscheinlich nicht genug \u00fcber unsere Nutzer erfahren, um Ihnen einen wertvollen und relevanten Service zu bieten.<\/p>\n<ul>\n<li>Wenn Sie dies angegeben haben: damit Sie an Aktionen, Promotionen oder Veranstaltungen teilnehmen k\u00f6nnen, die wir anbieten. Nachdem wir Ihre Zustimmung eingeholt haben, werden wir mit Ihnen in Kontakt treten, um Sie \u00fcber Neuigkeiten, Funktionen, Aktionen oder Promotionen zu informieren, von denen wir glauben, dass sie Ihnen gefallen k\u00f6nnten. Sie werden immer die M\u00f6glichkeit haben, den Erhalt dieser Nachrichten von uns zu stoppen.<\/li>\n<li>Um Ihre Anfragen nach White Papers, Artikeln, Newslettern oder anderen Inhalten zu erf\u00fcllen.<\/li>\n<\/ul>\n<p>Wir werden Sie nur dann erreichen, wenn Sie diesem Engagement zugestimmt haben. Die rechtliche Grundlage f\u00fcr die Zusendung von E-Mails, die nicht dienstbezogen sind, ist die Zustimmung.<\/p>\n<h2>F\u00f6rderung<\/h2>\n<p>Other than advertisements on our website, we can inform you about new products or services through our social media pages.<\/p>\n<h2>Kontakt-Formular<\/h2>\n<p>Auf unserer Website bieten wir die M\u00f6glichkeit, Fragen \u00fcber ein Formular zu stellen, bei dem Sie eine Reihe von Angaben machen m\u00fcssen. Die von Ihnen \u00fcbermittelten Informationen werden so lange gespeichert, wie es f\u00fcr die vollst\u00e4ndige Beantwortung und Bearbeitung des Formulars bzw. des Inhalts Ihrer E-Mail erforderlich ist.<\/p>\n<p>Weitergabe von Daten an Dritte<\/p>\n<p>Ihre Daten werden nicht an Dritte weitergegeben, es sei denn, dies ist zur Bearbeitung Ihrer Anfrage notwendig.<\/p>\n<p>Auf unserer Website befinden sich Social-Media-Schaltfl\u00e4chen, die von den Anbietern dieser Dienste genutzt werden, um Ihre personenbezogenen Daten zu erfassen.<\/p>\n<h2>Cookies<\/h2>\n<p>Unsere Website verwendet Cookies. Cookies sind kleine Textdateien, die \u00fcber Ihr Ger\u00e4t verwendet werden k\u00f6nnen.<\/p>\n<p>Unsere Website kann diese Cookies f\u00fcr die folgenden Zwecke setzen:<\/p>\n<ul>\n<li><strong>Funktionale Cookies <\/strong>werden zur Bereitstellung von Funktionalit\u00e4ten bei der Nutzung unserer Website verwendet<\/li>\n<li><strong>Analytische Cookies<\/strong> werden verwendet, um unseren Service f\u00fcr Sie zu optimieren. Zum Beispiel, um die Benutzerfreundlichkeit unserer Website durch AB-Tests einer neuen Funktion zu optimieren, um die Website benutzerfreundlicher zu gestalten und um zu analysieren, wie Sie unsere Website nutzen. Wir verwenden auch analytische Cookies, um Bots und b\u00f6sartiges Verhalten wie Spam zu stoppen.<\/li>\n<li><strong>Werbe-Cookies<\/strong> werden f\u00fcr kommerzielle, redaktionelle und werbliche Zwecke verwendet. Mit diesen Cookies kann Ihr Internet- und Surfverhalten \u00fcber verschiedene Domains und Websites hinweg verfolgt werden. Werbe-Cookies werden oft von Dritten platziert. TheBugCo\u00ae hat keinen Zugriff auf oder Kontrolle \u00fcber (pers\u00f6nliche) Daten, die \u00fcber diese Cookies oder andere Funktionen, die Werbetreibende und Dritte verwenden k\u00f6nnen, gesammelt werden. Unsere Datenschutzerkl\u00e4rung ist daher nicht auf diese Cookies anwendbar, und wir verweisen Sie auf deren Datenschutzerkl\u00e4rungen, um zu lesen, wie sie mit (personenbezogenen) Daten umgehen.<\/li>\n<\/ul>\n<h2>Was sind meine Rechte als Benutzer?<\/h2>\n<p>Sie k\u00f6nnen Ihren Antrag auf Zugang, Berichtigung oder L\u00f6schung Ihrer pers\u00f6nlichen Daten an TheBugCo\u00ae senden, indem Sie die E-Mail Adresse <a href=\"mailto:contact@gconcepts.co\">contact@gconcepts.co<\/a>. Bitte geben Sie im Betreff klar an, dass Ihre Anfrage eine Datenschutzangelegenheit betrifft, und spezifischer, ob es sich um eine Anfrage auf Zugang, Korrektur oder L\u00f6schung handelt. Beachten Sie, dass TheBugCo\u00ae unter Umst\u00e4nden zus\u00e4tzliche Informationen anfordert, um Ihre Identit\u00e4t festzustellen.<\/p>\n<ul>\n<li>Das Recht, eine Kopie Ihrer pers\u00f6nlichen Daten anzufordern, die TheBugCo\u00ae \u00fcber Sie besitzt.<\/li>\n<li>Das Recht zu verlangen, dass TheBugCo\u00ae Ihre pers\u00f6nlichen Daten korrigiert, wenn sie ungenau oder veraltet sind.<\/li>\n<li>Das Recht, die L\u00f6schung Ihrer pers\u00f6nlichen Daten zu verlangen, wenn es f\u00fcr TheBugCo\u00ae nicht mehr notwendig ist, diese Daten aufzubewahren.<\/li>\n<li>Das Recht, die Zustimmung zur Verarbeitung personenbezogener Daten jederzeit zu widerrufen. Zum Beispiel Ihre Zustimmung zum Erhalt von E-Marketing-Mitteilungen:\n<ul>\n<li>Wenn Sie Ihre Zustimmung zum E-Marketing widerrufen m\u00f6chten, teilen Sie uns dies bitte unter contact@gconcepts.co mit.<\/li>\n<\/ul>\n<\/li>\n<li>Das Recht zu verlangen, dass TheBugCo\u00ae Ihnen Ihre pers\u00f6nlichen Daten zur Verf\u00fcgung stellt und, wenn m\u00f6glich, diese Informationen direkt (in einem tragbaren Format) an einen anderen Datenverantwortlichen weiterzugeben, wenn die Verarbeitung auf einer Einwilligung oder einem Vertrag basiert.<\/li>\n<li>Das Recht, eine Einschr\u00e4nkung der weiteren Datenverarbeitung zu verlangen, falls es einen Streit \u00fcber die Richtigkeit oder Verarbeitung Ihrer personenbezogenen Daten gibt.<\/li>\n<li>Das Recht, der Verarbeitung personenbezogener Daten zu widersprechen, wenn die Datenverarbeitung auf der Grundlage von berechtigten Interessen und\/oder Direktmarketing erfolgt.<\/li>\n<\/ul>\n<h2>Sicherheit<\/h2>\n<p>Wir ergreifen Sicherheitsma\u00dfnahmen, um den Missbrauch von und den unbefugten Zugriff auf personenbezogene Daten zu minimieren.<\/p>\n<p>Wenn Sie trotz unseres Engagements und unserer Bem\u00fchungen, Ihre personenbezogenen Daten zu sch\u00fctzen, der Meinung sind, dass Ihre Datenschutzrechte verletzt wurden, ermutigen und begr\u00fc\u00dfen wir Einzelpersonen, sich zuerst an TheBugCo\u00ae zu wenden, um eine L\u00f6sung f\u00fcr eine Beschwerde zu finden. Sie haben jederzeit das Recht, eine Beschwerde direkt bei der zust\u00e4ndigen Aufsichtsbeh\u00f6rde einzureichen oder eine Klage gegen TheBugCo\u00ae bei einem zust\u00e4ndigen Gericht einzureichen (entweder in dem Land, in dem Sie leben, in dem Land, in dem Sie arbeiten oder in dem Land, in dem Sie glauben, dass das Datenschutzrecht verletzt wurde).<\/p>\n<h2>Aufbewahrungsfrist<\/h2>\n<p>Wir bewahren Ihre personenbezogenen Daten nur so lange auf, wie es notwendig ist. Wir unterhalten spezifische Richtlinien und Verfahren zur Verwaltung und Aufbewahrung von Aufzeichnungen, sodass personenbezogene Daten nach einer angemessenen Zeit gem\u00e4\u00df den folgenden Aufbewahrungskriterien gel\u00f6scht werden:<\/p>\n<ul>\n<li>Wir bewahren Ihre Daten so lange auf, wie wir eine laufende Beziehung zu Ihnen haben (insbesondere, wenn Sie ein Konto bei uns haben).<\/li>\n<li>Wir speichern die Daten nur, solange Ihr Konto aktiv ist oder so lange, wie es f\u00fcr die Erbringung von Dienstleistungen f\u00fcr Sie erforderlich ist.<\/li>\n<li>Wir bewahren Ihre Daten so lange auf, wie es erforderlich ist, um unseren weltweiten gesetzlichen und vertraglichen Verpflichtungen nachzukommen.<\/li>\n<\/ul>\n<h2>Websites von Drittanbietern<\/h2>\n<p>Diese Erkl\u00e4rung gilt nicht f\u00fcr Websites Dritter, die \u00fcber Links mit unserer Website verbunden sind. Wir k\u00f6nnen nicht garantieren, dass diese Dritten Ihre pers\u00f6nlichen Daten auf sichere und sorgf\u00e4ltige Weise behandeln. Wir empfehlen Ihnen, die Datenschutzerkl\u00e4rungen dieser Websites zu lesen, bevor Sie deren Websites nutzen.<\/p>\n<h2>\u00c4nderungen an dieser Datenschutzerkl\u00e4rung<\/h2>\n<p>Wir behalten uns das Recht vor, diese Erkl\u00e4rung zu \u00e4ndern. Wir empfehlen Ihnen, diese Erkl\u00e4rung regelm\u00e4\u00dfig zu \u00fcberpr\u00fcfen, damit Sie \u00fcber alle \u00c4nderungen informiert bleiben.<\/p>\n<h2>Einsichtnahme und \u00c4nderung Ihrer Daten<\/h2>\n<p>Wenn Sie Fragen zu unserer Datenschutzerkl\u00e4rung oder zur \u00c4nderung (oder L\u00f6schung) Ihrer pers\u00f6nlichen Daten haben, z\u00f6gern Sie bitte nicht, uns \u00fcber die unten stehenden Angaben zu kontaktieren.<\/p>\n<p>Sie k\u00f6nnen uns eine Anfrage senden, um diese Daten einzusehen, zu \u00e4ndern oder zu l\u00f6schen. Dar\u00fcber hinaus k\u00f6nnen Sie uns eine Anfrage f\u00fcr einen Datenexport senden, der die Details enth\u00e4lt, die wir mit Ihrer Erlaubnis verwenden; Sie k\u00f6nnen angeben, dass Sie w\u00fcnschen, dass wir die Verwendung Ihrer pers\u00f6nlichen Daten einschr\u00e4nken.<\/p>\n<p>Um Betrug zu vermeiden, k\u00f6nnen wir Sie auffordern, sich zu identifizieren. Wenn es sich um pers\u00f6nliche Daten handelt, die mit einem Cookie verbunden sind, k\u00f6nnen Sie eine Kopie des Cookies anfordern. Sie k\u00f6nnen dies in den Einstellungen Ihres Browsers abrufen. Sollten die Angaben ungenau sein, k\u00f6nnen Sie verlangen, dass wir sie \u00e4ndern oder l\u00f6schen.<\/p>\n<h2>Reklamationen<\/h2>\n<p>Wir hoffen, dass Sie das nie brauchen werden, aber wenn Sie sich \u00fcber die Verwendung Ihrer pers\u00f6nlichen Daten durch uns beschweren m\u00f6chten, senden Sie bitte eine E-Mail mit den Details Ihrer Beschwerde an contact@gconcepts.co. Wir werden alle Beschwerden, die wir erhalten, pr\u00fcfen und darauf reagieren.<\/p>\n<p>Sie haben auch das Recht, eine Beschwerde bei der (gesetzliche Beh\u00f6rde in den Niederlanden einf\u00fcgen) einzureichen.<\/p>\n<p>Weitere Informationen \u00fcber Ihre Rechte und wie Sie sich bei der CBPL\/CPVP beschweren k\u00f6nnen, finden Sie auf der Website der niederl\u00e4ndischen Datenschutzkommission.<\/p>\n<h2>Kontaktinformationen<\/h2>\n<p>Wenn Sie Fragen zu dieser Datenschutzerkl\u00e4rung oder dazu haben, wie und warum wir personenbezogene Daten verarbeiten, nehmen Sie bitte Kontakt mit uns auf:<\/p>\n<p>&nbsp;<\/p>","protected":false},"excerpt":{"rendered":"<p>Last updated: May 2018 G Concepts BV trading as TheBugCo\u00ae values the privacy of its customers and observes due care in processing and protecting personal&#8230;<\/p>","protected":false},"author":1,"featured_media":0,"parent":0,"menu_order":0,"comment_status":"closed","ping_status":"closed","template":"","meta":{"footnotes":""},"class_list":["post-5966","page","type-page","status-publish"],"yoast_head":"<!-- This site is optimized with the Yoast SEO plugin v26.2 - https:\/\/yoast.com\/wordpress\/plugins\/seo\/ -->\n<title>Terms &amp; Privacy - TheBugCo<\/title>\n<meta name=\"robots\" content=\"index, follow, max-snippet:-1, max-image-preview:large, max-video-preview:-1\" \/>\n<link rel=\"canonical\" href=\"https:\/\/hellobugco.com\/de\/bedingungen-bedingungen\/\" \/>\n<meta property=\"og:locale\" content=\"de_DE\" \/>\n<meta property=\"og:type\" content=\"article\" \/>\n<meta property=\"og:title\" content=\"Terms &amp; Privacy - TheBugCo\" \/>\n<meta property=\"og:description\" content=\"Last updated: May 2018 G Concepts BV trading as TheBugCo\u00ae values the privacy of its customers and observes due care in processing and protecting personal...\" \/>\n<meta property=\"og:url\" content=\"https:\/\/hellobugco.com\/de\/bedingungen-bedingungen\/\" \/>\n<meta property=\"og:site_name\" content=\"TheBugCo\" \/>\n<meta property=\"article:modified_time\" content=\"2023-10-05T13:07:25+00:00\" \/>\n<meta name=\"twitter:card\" content=\"summary_large_image\" \/>\n<meta name=\"twitter:label1\" content=\"Gesch\u00e4tzte Lesezeit\" \/>\n\t<meta name=\"twitter:data1\" content=\"9\u00a0Minuten\" \/>\n<script type=\"application\/ld+json\" class=\"yoast-schema-graph\">{\"@context\":\"https:\/\/schema.org\",\"@graph\":[{\"@type\":\"WebPage\",\"@id\":\"https:\/\/hellobugco.com\/terms-conditions\/\",\"url\":\"https:\/\/hellobugco.com\/terms-conditions\/\",\"name\":\"Terms & Privacy - TheBugCo\",\"isPartOf\":{\"@id\":\"https:\/\/hellobugco.com\/de\/#website\"},\"datePublished\":\"2018-05-24T09:31:37+00:00\",\"dateModified\":\"2023-10-05T13:07:25+00:00\",\"breadcrumb\":{\"@id\":\"https:\/\/hellobugco.com\/terms-conditions\/#breadcrumb\"},\"inLanguage\":\"de\",\"potentialAction\":[{\"@type\":\"ReadAction\",\"target\":[\"https:\/\/hellobugco.com\/terms-conditions\/\"]}]},{\"@type\":\"BreadcrumbList\",\"@id\":\"https:\/\/hellobugco.com\/terms-conditions\/#breadcrumb\",\"itemListElement\":[{\"@type\":\"ListItem\",\"position\":1,\"name\":\"Home\",\"item\":\"https:\/\/hellobugco.com\/\"},{\"@type\":\"ListItem\",\"position\":2,\"name\":\"Terms &#038; Privacy\"}]},{\"@type\":\"WebSite\",\"@id\":\"https:\/\/hellobugco.com\/de\/#website\",\"url\":\"https:\/\/hellobugco.com\/de\/\",\"name\":\"TheBugCo\",\"description\":\"#TimesUpBugs\",\"potentialAction\":[{\"@type\":\"SearchAction\",\"target\":{\"@type\":\"EntryPoint\",\"urlTemplate\":\"https:\/\/hellobugco.com\/de\/?s={search_term_string}\"},\"query-input\":{\"@type\":\"PropertyValueSpecification\",\"valueRequired\":true,\"valueName\":\"search_term_string\"}}],\"inLanguage\":\"de\"}]}<\/script>\n<!-- \/ Yoast SEO plugin. -->","yoast_head_json":{"title":"Terms & Privacy - TheBugCo","robots":{"index":"index","follow":"follow","max-snippet":"max-snippet:-1","max-image-preview":"max-image-preview:large","max-video-preview":"max-video-preview:-1"},"canonical":"https:\/\/hellobugco.com\/de\/bedingungen-bedingungen\/","og_locale":"de_DE","og_type":"article","og_title":"Terms & Privacy - TheBugCo","og_description":"Last updated: May 2018 G Concepts BV trading as TheBugCo\u00ae values the privacy of its customers and observes due care in processing and protecting personal...","og_url":"https:\/\/hellobugco.com\/de\/bedingungen-bedingungen\/","og_site_name":"TheBugCo","article_modified_time":"2023-10-05T13:07:25+00:00","twitter_card":"summary_large_image","twitter_misc":{"Gesch\u00e4tzte Lesezeit":"9\u00a0Minuten"},"schema":{"@context":"https:\/\/schema.org","@graph":[{"@type":"WebPage","@id":"https:\/\/hellobugco.com\/terms-conditions\/","url":"https:\/\/hellobugco.com\/terms-conditions\/","name":"Terms & Privacy - TheBugCo","isPartOf":{"@id":"https:\/\/hellobugco.com\/de\/#website"},"datePublished":"2018-05-24T09:31:37+00:00","dateModified":"2023-10-05T13:07:25+00:00","breadcrumb":{"@id":"https:\/\/hellobugco.com\/terms-conditions\/#breadcrumb"},"inLanguage":"de","potentialAction":[{"@type":"ReadAction","target":["https:\/\/hellobugco.com\/terms-conditions\/"]}]},{"@type":"BreadcrumbList","@id":"https:\/\/hellobugco.com\/terms-conditions\/#breadcrumb","itemListElement":[{"@type":"ListItem","position":1,"name":"Home","item":"https:\/\/hellobugco.com\/"},{"@type":"ListItem","position":2,"name":"Terms &#038; Privacy"}]},{"@type":"WebSite","@id":"https:\/\/hellobugco.com\/de\/#website","url":"https:\/\/hellobugco.com\/de\/","name":"TheBugCo","description":"#TimesUpBugs","potentialAction":[{"@type":"SearchAction","target":{"@type":"EntryPoint","urlTemplate":"https:\/\/hellobugco.com\/de\/?s={search_term_string}"},"query-input":{"@type":"PropertyValueSpecification","valueRequired":true,"valueName":"search_term_string"}}],"inLanguage":"de"}]}},"_links":{"self":[{"href":"https:\/\/hellobugco.com\/de\/wp-json\/wp\/v2\/pages\/5966","targetHints":{"allow":["GET"]}}],"collection":[{"href":"https:\/\/hellobugco.com\/de\/wp-json\/wp\/v2\/pages"}],"about":[{"href":"https:\/\/hellobugco.com\/de\/wp-json\/wp\/v2\/types\/page"}],"author":[{"embeddable":true,"href":"https:\/\/hellobugco.com\/de\/wp-json\/wp\/v2\/users\/1"}],"replies":[{"embeddable":true,"href":"https:\/\/hellobugco.com\/de\/wp-json\/wp\/v2\/comments?post=5966"}],"version-history":[{"count":7,"href":"https:\/\/hellobugco.com\/de\/wp-json\/wp\/v2\/pages\/5966\/revisions"}],"predecessor-version":[{"id":7591,"href":"https:\/\/hellobugco.com\/de\/wp-json\/wp\/v2\/pages\/5966\/revisions\/7591"}],"wp:attachment":[{"href":"https:\/\/hellobugco.com\/de\/wp-json\/wp\/v2\/media?parent=5966"}],"curies":[{"name":"wp","href":"https:\/\/api.w.org\/{rel}","templated":true}]}}