{"id":5975,"date":"2018-05-25T10:09:17","date_gmt":"2018-05-25T10:09:17","guid":{"rendered":"https:\/\/hellobugco.com\/dev\/?page_id=5975"},"modified":"2018-08-02T09:41:07","modified_gmt":"2018-08-02T09:41:07","slug":"meet-the-bugs","status":"publish","type":"page","link":"https:\/\/hellobugco.com\/de\/meet-the-bugs\/","title":{"rendered":"Treffen Sie die Wanzen"},"content":{"rendered":"<div id=\"fws_69e1051fc2d96\"  data-column-margin=\"default\" data-midnight=\"light\" data-top-percent=\"18%\" data-bottom-percent=\"18%\"  class=\"wpb_row vc_row-fluid vc_row full-width-section parallax_section\"  style=\"padding-top: calc(100vw * 0.18); padding-bottom: calc(100vw * 0.18); \"><div class=\"row-bg-wrap\" data-bg-animation=\"none\" data-bg-animation-delay=\"\" data-bg-overlay=\"true\"><div class=\"inner-wrap row-bg-layer using-image\" ><div class=\"row-bg viewport-desktop using-image using-bg-color\" data-parallax-speed=\"fast\" style=\"background-image: url(https:\/\/hellobugco.com\/wp-content\/uploads\/2018\/07\/bugsheader-1.jpg); background-position: center center; background-repeat: no-repeat; background-color: #a2cd39; \"><\/div><\/div><div class=\"row-bg-overlay row-bg-layer\" style=\"background-color:rgba(255,255,255,0.01);  opacity: 0.3; \"><\/div><\/div><div class=\"nectar-shape-divider-wrap no-color\" style=\" height:350px;\"  data-height=\"350\" data-front=\"\" data-style=\"mountains\" data-position=\"bottom\" ><svg class=\"nectar-shape-divider\" fill=\"\" xmlns=\"http:\/\/www.w3.org\/2000\/svg\" viewbox=\"0 0 1000 300\" preserveaspectratio=\"none\">\n          <path d=\"M 1014 264 v 122 h -808 l -172 -86 s 310.42 -22.84 402 -79 c 106 -65 154 -61 268 -12 c 107 46 195.11 5.94 275 137 z\"><\/path>   <path d=\"M -302 55 s 235.27 208.25 352 159 c 128 -54 233 -98 303 -73 c 92.68 33.1 181.28 115.19 235 108 c 104.9 -14 176.52 -173.06 267 -118 c 85.61 52.09 145 123 145 123 v 74 l -1306 10 z\"><\/path>\n          <path d=\"M -286 255 s 214 -103 338 -129 s 203 29 384 101 c 145.57 57.91 178.7 50.79 272 0 c 79 -43 301 -224 385 -63 c 53 101.63 -62 129 -62 129 l -107 84 l -1212 12 z\"><\/path>\n          <path d=\"M -24 69 s 299.68 301.66 413 245 c 8 -4 233 2 284 42 c 17.47 13.7 172 -132 217 -174 c 54.8 -51.15 128 -90 188 -39 c 76.12 64.7 118 99 118 99 l -12 132 l -1212 12 z\"><\/path>\n          <path d=\"M -12 201 s 70 83 194 57 s 160.29 -36.77 274 6 c 109 41 184.82 24.36 265 -15 c 55 -27 116.5 -57.69 214 4 c 49 31 95 26 95 26 l -6 151 l -1036 10 z\"><\/path> <\/svg><\/div><div class=\"row_col_wrap_12 col span_12 light left\">\n\t<div  class=\"vc_col-sm-6 wpb_column column_container vc_column_container col no-extra-padding\"  data-padding-pos=\"all\" data-has-bg-color=\"false\" data-bg-color=\"\" data-bg-opacity=\"1\" data-animation=\"\" data-delay=\"0\" >\n\t\t<div class=\"vc_column-inner\" >\n\t\t\t<div class=\"wpb_wrapper\">\n\t\t\t\t<div class=\"divider-wrap\" data-alignment=\"default\"><div style=\"height: 150px;\" class=\"divider\"><\/div><\/div>\n\t\t\t<\/div> \n\t\t<\/div>\n\t<\/div> \n\n\t<div  class=\"vc_col-sm-6 wpb_column column_container vc_column_container col no-extra-padding\"  data-padding-pos=\"all\" data-has-bg-color=\"false\" data-bg-color=\"\" data-bg-opacity=\"1\" data-animation=\"\" data-delay=\"0\" >\n\t\t<div class=\"vc_column-inner\" >\n\t\t\t<div class=\"wpb_wrapper\">\n\t\t\t\t\n\t\t\t<\/div> \n\t\t<\/div>\n\t<\/div> \n<\/div><\/div>\n\t\t<div id=\"fws_69e1051fc3c0e\"  data-column-margin=\"default\" data-midnight=\"dark\" data-top-percent=\"5%\" data-bottom-percent=\"5%\"  class=\"wpb_row vc_row-fluid vc_row full-width-section\"  style=\"padding-top: calc(100vw * 0.05); padding-bottom: calc(100vw * 0.05); \"><div class=\"row-bg-wrap\" data-bg-animation=\"none\" data-bg-animation-delay=\"\" data-bg-overlay=\"false\"><div class=\"inner-wrap row-bg-layer\" ><div class=\"row-bg viewport-desktop\"  style=\"\"><\/div><\/div><\/div><div class=\"row_col_wrap_12 col span_12 dark left\">\n\t<div  class=\"vc_col-sm-8 wpb_column column_container vc_column_container col no-extra-padding\"  data-padding-pos=\"all\" data-has-bg-color=\"false\" data-bg-color=\"\" data-bg-opacity=\"1\" data-animation=\"\" data-delay=\"0\" >\n\t\t<div class=\"vc_column-inner\" >\n\t\t\t<div class=\"wpb_wrapper\">\n\t\t\t\t<div class=\"nectar-split-heading\" data-align=\"default\" data-m-align=\"inherit\" data-text-effect=\"default\" data-animation-type=\"default\" data-animation-delay=\"0\" data-animation-offset=\"\" data-m-rm-animation=\"\" data-stagger=\"\" data-custom-font-size=\"false\" ><div class=\"heading-line\" > <div><h1 style=\"color: #a2ce38\">Treffen Sie die Wanzen!<\/h1> <\/div> <\/div><\/div>\n\t\t\t<\/div> \n\t\t<\/div>\n\t<\/div> \n\n\t<div  class=\"vc_col-sm-4 wpb_column column_container vc_column_container col no-extra-padding\"  data-padding-pos=\"all\" data-has-bg-color=\"false\" data-bg-color=\"\" data-bg-opacity=\"1\" data-animation=\"\" data-delay=\"0\" >\n\t\t<div class=\"vc_column-inner\" >\n\t\t\t<div class=\"wpb_wrapper\">\n\t\t\t\t\n\t\t\t<\/div> \n\t\t<\/div>\n\t<\/div> \n<\/div><\/div>\n\t\t<div id=\"discover\"  data-column-margin=\"default\" data-midnight=\"light\" data-bottom-percent=\"4%\"  class=\"wpb_row vc_row-fluid vc_row full-width-section vc_row-o-equal-height vc_row-flex vc_row-o-content-middle\"  style=\"padding-top: 0px; padding-bottom: calc(100vw * 0.04); \"><div class=\"row-bg-wrap\" data-bg-animation=\"none\" data-bg-animation-delay=\"\" data-bg-overlay=\"false\"><div class=\"inner-wrap row-bg-layer\" ><div class=\"row-bg viewport-desktop using-bg-color\"  style=\"background-color: #ffffff; \"><\/div><\/div><\/div><div class=\"row_col_wrap_12 col span_12 light left\">\n\t<div style=\"\" class=\"vc_col-sm-6 wpb_column column_container vc_column_container col padding-6-percent\" data-using-bg=\"true\" data-border-radius=\"20px\" data-padding-pos=\"left-right\" data-has-bg-color=\"true\" data-bg-color=\"#e73e97\" data-bg-opacity=\"1\" data-animation=\"\" data-delay=\"0\" >\n\t\t<div class=\"vc_column-inner\" ><div class=\"column-bg-overlay-wrap column-bg-layer\" data-bg-animation=\"none\"><div class=\"column-bg-overlay\" style=\"opacity: 1; background-color: #e73e97;\"><\/div><\/div>\n\t\t\t<div class=\"wpb_wrapper\">\n\t\t\t\t<div id=\"fws_69e1051fc5076\" data-midnight=\"\" data-column-margin=\"default\" class=\"wpb_row vc_row-fluid vc_row inner_row  vc_custom_1533202662143 bug_buzz_bg\"  style=\"\"><div class=\"row-bg-wrap\"> <div class=\"row-bg\" ><\/div> <\/div><div class=\"row_col_wrap_12_inner col span_12  left\">\n\t<div  class=\"vc_col-sm-12 wpb_column column_container vc_column_container col child_column has-animation no-extra-padding\"   data-padding-pos=\"all\" data-has-bg-color=\"false\" data-bg-color=\"\" data-bg-opacity=\"1\" data-animation=\"fade-in-from-left\" data-delay=\"0\" >\n\t\t<div class=\"vc_column-inner\" >\n\t\t<div class=\"wpb_wrapper\">\n\t\t\t\n<div class=\"wpb_text_column wpb_content_element  wpb_animate_when_almost_visible wpb_fadeInLeft fadeInLeft\" >\n\t<div class=\"wpb_wrapper\">\n\t\t<h2 class=\"white\">Buzz<\/h2>\n<p><strong>Rolle: <\/strong>Der Chef<br \/>\n<strong>H\u00f6he: <\/strong>6,2 mm<br \/>\n<strong>Geschlecht: <\/strong>Weiblich<br \/>\n<strong>Merkmale: <\/strong>Dominierend, fordernd, aggressiv<br \/>\n<strong>Bestrebungen: <\/strong>Weltherrschaft<br \/>\n<strong>Mag es: <\/strong>Beweisen Sie, dass K\u00e4fer es mit der Menschheit aufnehmen k\u00f6nnen<br \/>\n<strong>Verwaltet zu: <\/strong>Bestrafen Sie Cullprits f\u00fcr Vers\u00e4umnisse<br \/>\n<strong>Geschichte: <\/strong>\"Buzz ist ein sehr anspruchsvoller Moskito! Sie zwingt Bug und Mug immer wieder in gef\u00e4hrliche Situationen, um ihren Wunsch, sich von Menschen zu ern\u00e4hren, zu erf\u00fcllen! Buzz hat Bug und Mug einmal gezwungen, 15 Tage zu warten, bis TheBugWatch abl\u00e4uft, in der \u00dcberzeugung, dass sie einen Blutschatz finden w\u00fcrden... Haben sie aber nicht!\"<\/p>\n\t<\/div>\n<\/div>\n\n\n\n\n\t\t<\/div> \n\t<\/div>\n\t<\/div> \n<\/div><\/div>\n\t\t\t<\/div> \n\t\t<\/div>\n\t<\/div> \n\n\t<div  class=\"vc_col-sm-6 wpb_column column_container vc_column_container col padding-5-percent\"  data-padding-pos=\"left-right\" data-has-bg-color=\"false\" data-bg-color=\"\" data-bg-opacity=\"1\" data-animation=\"\" data-delay=\"0\" >\n\t\t<div class=\"vc_column-inner\" >\n\t\t\t<div class=\"wpb_wrapper\">\n\t\t\t\t<div class=\"img-with-aniamtion-wrap right\" data-max-width=\"100%\" data-max-width-mobile=\"100%\" data-shadow=\"none\" data-animation=\"grow-in\" >\n      <div class=\"inner\">\n        <div class=\"hover-wrap\"> \n          <div class=\"hover-wrap-inner\">\n            <img loading=\"lazy\" decoding=\"async\" class=\"img-with-animation skip-lazy\" data-delay=\"0\" height=\"1500\" width=\"1500\" data-animation=\"grow-in\" src=\"https:\/\/hellobugco.com\/wp-content\/uploads\/2018\/05\/buzz_web.png\" alt=\"\" srcset=\"https:\/\/hellobugco.com\/wp-content\/uploads\/2018\/05\/buzz_web.png 1500w, https:\/\/hellobugco.com\/wp-content\/uploads\/2018\/05\/buzz_web-150x150.png 150w, https:\/\/hellobugco.com\/wp-content\/uploads\/2018\/05\/buzz_web-300x300.png 300w, https:\/\/hellobugco.com\/wp-content\/uploads\/2018\/05\/buzz_web-768x768.png 768w, https:\/\/hellobugco.com\/wp-content\/uploads\/2018\/05\/buzz_web-1024x1024.png 1024w, https:\/\/hellobugco.com\/wp-content\/uploads\/2018\/05\/buzz_web-100x100.png 100w, https:\/\/hellobugco.com\/wp-content\/uploads\/2018\/05\/buzz_web-140x140.png 140w, https:\/\/hellobugco.com\/wp-content\/uploads\/2018\/05\/buzz_web-500x500.png 500w, https:\/\/hellobugco.com\/wp-content\/uploads\/2018\/05\/buzz_web-350x350.png 350w, https:\/\/hellobugco.com\/wp-content\/uploads\/2018\/05\/buzz_web-1000x1000.png 1000w, https:\/\/hellobugco.com\/wp-content\/uploads\/2018\/05\/buzz_web-800x800.png 800w, https:\/\/hellobugco.com\/wp-content\/uploads\/2018\/05\/buzz_web-600x600.png 600w\" sizes=\"auto, (max-width: 1500px) 100vw, 1500px\" \/>\n          <\/div>\n        <\/div>\n      <\/div>\n    <\/div>\n\t\t\t<\/div> \n\t\t<\/div>\n\t<\/div> \n<\/div><\/div>\n\t\t<div id=\"discover\"  data-column-margin=\"default\" data-midnight=\"light\" data-bottom-percent=\"4%\"  class=\"wpb_row vc_row-fluid vc_row full-width-section vc_row-o-equal-height vc_row-flex vc_row-o-content-middle reverse-row\"  style=\"padding-top: 0px; padding-bottom: calc(100vw * 0.04); \"><div class=\"row-bg-wrap\" data-bg-animation=\"none\" data-bg-animation-delay=\"\" data-bg-overlay=\"false\"><div class=\"inner-wrap row-bg-layer\" ><div class=\"row-bg viewport-desktop using-bg-color\"  style=\"background-color: #ffffff; \"><\/div><\/div><\/div><div class=\"row_col_wrap_12 col span_12 light left\">\n\t<div style=\"\" class=\"vc_col-sm-6 wpb_column column_container vc_column_container col padding-6-percent\" data-using-bg=\"true\" data-border-radius=\"20px\" data-padding-pos=\"left-right\" data-has-bg-color=\"true\" data-bg-color=\"#a2ce38\" data-bg-opacity=\"1\" data-animation=\"\" data-delay=\"0\" >\n\t\t<div class=\"vc_column-inner\" ><div class=\"column-bg-overlay-wrap column-bg-layer\" data-bg-animation=\"none\"><div class=\"column-bg-overlay\" style=\"opacity: 1; background-color: #a2ce38;\"><\/div><\/div>\n\t\t\t<div class=\"wpb_wrapper\">\n\t\t\t\t<div id=\"fws_69e1051fc6aeb\" data-midnight=\"\" data-column-margin=\"default\" class=\"wpb_row vc_row-fluid vc_row inner_row  vc_custom_1533202712184 bug_bug_bg\"  style=\"\"><div class=\"row-bg-wrap\"> <div class=\"row-bg\" ><\/div> <\/div><div class=\"row_col_wrap_12_inner col span_12  right\">\n\t<div  class=\"vc_col-sm-12 wpb_column column_container vc_column_container col child_column has-animation no-extra-padding\"   data-padding-pos=\"all\" data-has-bg-color=\"false\" data-bg-color=\"\" data-bg-opacity=\"1\" data-animation=\"fade-in-from-left\" data-delay=\"0\" >\n\t\t<div class=\"vc_column-inner\" >\n\t\t<div class=\"wpb_wrapper\">\n\t\t\t\n<div class=\"wpb_text_column wpb_content_element  wpb_animate_when_almost_visible wpb_fadeInLeft fadeInLeft\" >\n\t<div class=\"wpb_wrapper\">\n\t\t<h2 class=\"white\">Fehler<\/h2>\n<p><strong>Rolle: <\/strong>Die Muskeln<br \/>\n<strong>H\u00f6he: <\/strong>6,7 mm<br \/>\n<strong>Geschlecht: <\/strong>M\u00e4nnlich<br \/>\n<strong>Merkmale: <\/strong>Klug, stark, selbstbewusst<br \/>\n<strong>Bestrebungen: <\/strong>Eine F\u00fchrungskraft sein<br \/>\n<strong>Mag es: <\/strong>Mistreat Becher<br \/>\n<strong>Verwaltet zu: <\/strong>Durch Mugs Aktionen gesch\u00e4digt werden<br \/>\n<strong>Geschichte: <\/strong>\"Bug ist ein sehr kluger Moskito! Obwohl er Buzz gegen\u00fcber unterw\u00fcrfig ist, glaubt er an seine eigenen F\u00e4higkeiten und dass er eines Tages ein Anf\u00fchrer sein wird! Bug h\u00e4tte einmal fast eine Familie im Urlaub \u00fcberlistet, doch kurz vor dem Angriff schrie Mug (((TheBugWatch))) ..die Party war vorbei!\"<\/p>\n\t<\/div>\n<\/div>\n\n\n\n\n\t\t<\/div> \n\t<\/div>\n\t<\/div> \n<\/div><\/div>\n\t\t\t<\/div> \n\t\t<\/div>\n\t<\/div> \n\n\t<div  class=\"vc_col-sm-6 wpb_column column_container vc_column_container col padding-5-percent\"  data-padding-pos=\"left-right\" data-has-bg-color=\"false\" data-bg-color=\"\" data-bg-opacity=\"1\" data-animation=\"\" data-delay=\"0\" >\n\t\t<div class=\"vc_column-inner\" >\n\t\t\t<div class=\"wpb_wrapper\">\n\t\t\t\t<div class=\"img-with-aniamtion-wrap right\" data-max-width=\"100%\" data-max-width-mobile=\"100%\" data-shadow=\"none\" data-animation=\"grow-in\" >\n      <div class=\"inner\">\n        <div class=\"hover-wrap\"> \n          <div class=\"hover-wrap-inner\">\n            <img loading=\"lazy\" decoding=\"async\" class=\"img-with-animation skip-lazy\" data-delay=\"0\" height=\"1500\" width=\"1500\" data-animation=\"grow-in\" src=\"https:\/\/hellobugco.com\/wp-content\/uploads\/2018\/05\/bug_web.png\" alt=\"\" srcset=\"https:\/\/hellobugco.com\/wp-content\/uploads\/2018\/05\/bug_web.png 1500w, https:\/\/hellobugco.com\/wp-content\/uploads\/2018\/05\/bug_web-150x150.png 150w, https:\/\/hellobugco.com\/wp-content\/uploads\/2018\/05\/bug_web-300x300.png 300w, https:\/\/hellobugco.com\/wp-content\/uploads\/2018\/05\/bug_web-768x768.png 768w, https:\/\/hellobugco.com\/wp-content\/uploads\/2018\/05\/bug_web-1024x1024.png 1024w, https:\/\/hellobugco.com\/wp-content\/uploads\/2018\/05\/bug_web-100x100.png 100w, https:\/\/hellobugco.com\/wp-content\/uploads\/2018\/05\/bug_web-140x140.png 140w, https:\/\/hellobugco.com\/wp-content\/uploads\/2018\/05\/bug_web-500x500.png 500w, https:\/\/hellobugco.com\/wp-content\/uploads\/2018\/05\/bug_web-350x350.png 350w, https:\/\/hellobugco.com\/wp-content\/uploads\/2018\/05\/bug_web-1000x1000.png 1000w, https:\/\/hellobugco.com\/wp-content\/uploads\/2018\/05\/bug_web-800x800.png 800w, https:\/\/hellobugco.com\/wp-content\/uploads\/2018\/05\/bug_web-600x600.png 600w\" sizes=\"auto, (max-width: 1500px) 100vw, 1500px\" \/>\n          <\/div>\n        <\/div>\n      <\/div>\n    <\/div>\n\t\t\t<\/div> \n\t\t<\/div>\n\t<\/div> \n<\/div><\/div>\n\t\t<div id=\"discover\"  data-column-margin=\"default\" data-midnight=\"light\" data-bottom-percent=\"4%\"  class=\"wpb_row vc_row-fluid vc_row full-width-section vc_row-o-equal-height vc_row-flex vc_row-o-content-middle\"  style=\"padding-top: 0px; padding-bottom: calc(100vw * 0.04); \"><div class=\"row-bg-wrap\" data-bg-animation=\"none\" data-bg-animation-delay=\"\" data-bg-overlay=\"false\"><div class=\"inner-wrap row-bg-layer\" ><div class=\"row-bg viewport-desktop using-bg-color\"  style=\"background-color: #ffffff; \"><\/div><\/div><\/div><div class=\"row_col_wrap_12 col span_12 light left\">\n\t<div style=\"\" class=\"vc_col-sm-6 wpb_column column_container vc_column_container col padding-6-percent\" data-using-bg=\"true\" data-border-radius=\"20px\" data-padding-pos=\"left-right\" data-has-bg-color=\"true\" data-bg-color=\"#e73e97\" data-bg-opacity=\"1\" data-animation=\"\" data-delay=\"0\" >\n\t\t<div class=\"vc_column-inner\" ><div class=\"column-bg-overlay-wrap column-bg-layer\" data-bg-animation=\"none\"><div class=\"column-bg-overlay\" style=\"opacity: 1; background-color: #e73e97;\"><\/div><\/div>\n\t\t\t<div class=\"wpb_wrapper\">\n\t\t\t\t<div id=\"fws_69e1051fc801e\" data-midnight=\"\" data-column-margin=\"default\" class=\"wpb_row vc_row-fluid vc_row inner_row  vc_custom_1533202737564 bug_mug_bg\"  style=\"\"><div class=\"row-bg-wrap\"> <div class=\"row-bg\" ><\/div> <\/div><div class=\"row_col_wrap_12_inner col span_12  left\">\n\t<div  class=\"vc_col-sm-12 wpb_column column_container vc_column_container col child_column has-animation no-extra-padding\"   data-padding-pos=\"all\" data-has-bg-color=\"false\" data-bg-color=\"\" data-bg-opacity=\"1\" data-animation=\"fade-in-from-left\" data-delay=\"0\" >\n\t\t<div class=\"vc_column-inner\" >\n\t\t<div class=\"wpb_wrapper\">\n\t\t\t\n<div class=\"wpb_text_column wpb_content_element  wpb_animate_when_almost_visible wpb_fadeInLeft fadeInLeft\" >\n\t<div class=\"wpb_wrapper\">\n\t\t<h2 class=\"white\">Becher<\/h2>\n<p><strong>Rolle: <\/strong>Der Planer<br \/>\n<strong>H\u00f6he: <\/strong>6,9 mm<br \/>\n<strong>Geschlecht: <\/strong>M\u00e4nnlich<br \/>\n<strong>Merkmale: <\/strong>Fr\u00f6hlich, verspielt, tollpatschig<br \/>\n<strong>Bestrebungen: <\/strong>Akzeptanz durch andere Wanzen<br \/>\n<strong>Mag es: <\/strong>Einfluss nehmen<br \/>\n<strong>Verwaltet zu: <\/strong>Im Weg stehen<br \/>\n<strong>Geschichte: <\/strong>\"Mug ist ein gl\u00fccklicher Moskito! Er versucht immer, es Buzz recht zu machen, doch da er meist aus einem Impuls heraus handelt, scheint er jedes Mal alles zu vermasseln! Mug hat einmal einen Plan vereitelt, nachdem er eine Blutbank betreten hatte. Beim Versuch, ein Selfie mit einem Blutbeutel zu machen, wurde er auf frischer Tat ertappt!\"<\/p>\n\t<\/div>\n<\/div>\n\n\n\n\n\t\t<\/div> \n\t<\/div>\n\t<\/div> \n<\/div><\/div>\n\t\t\t<\/div> \n\t\t<\/div>\n\t<\/div> \n\n\t<div  class=\"vc_col-sm-6 wpb_column column_container vc_column_container col padding-5-percent\"  data-padding-pos=\"left-right\" data-has-bg-color=\"false\" data-bg-color=\"\" data-bg-opacity=\"1\" data-animation=\"\" data-delay=\"0\" >\n\t\t<div class=\"vc_column-inner\" >\n\t\t\t<div class=\"wpb_wrapper\">\n\t\t\t\t<div class=\"img-with-aniamtion-wrap right\" data-max-width=\"100%\" data-max-width-mobile=\"100%\" data-shadow=\"none\" data-animation=\"grow-in\" >\n      <div class=\"inner\">\n        <div class=\"hover-wrap\"> \n          <div class=\"hover-wrap-inner\">\n            <img loading=\"lazy\" decoding=\"async\" class=\"img-with-animation skip-lazy\" data-delay=\"0\" height=\"1500\" width=\"1500\" data-animation=\"grow-in\" src=\"https:\/\/hellobugco.com\/wp-content\/uploads\/2018\/05\/mug_web.png\" alt=\"\" srcset=\"https:\/\/hellobugco.com\/wp-content\/uploads\/2018\/05\/mug_web.png 1500w, https:\/\/hellobugco.com\/wp-content\/uploads\/2018\/05\/mug_web-150x150.png 150w, https:\/\/hellobugco.com\/wp-content\/uploads\/2018\/05\/mug_web-300x300.png 300w, https:\/\/hellobugco.com\/wp-content\/uploads\/2018\/05\/mug_web-768x768.png 768w, https:\/\/hellobugco.com\/wp-content\/uploads\/2018\/05\/mug_web-1024x1024.png 1024w, https:\/\/hellobugco.com\/wp-content\/uploads\/2018\/05\/mug_web-100x100.png 100w, https:\/\/hellobugco.com\/wp-content\/uploads\/2018\/05\/mug_web-140x140.png 140w, https:\/\/hellobugco.com\/wp-content\/uploads\/2018\/05\/mug_web-500x500.png 500w, https:\/\/hellobugco.com\/wp-content\/uploads\/2018\/05\/mug_web-350x350.png 350w, https:\/\/hellobugco.com\/wp-content\/uploads\/2018\/05\/mug_web-1000x1000.png 1000w, https:\/\/hellobugco.com\/wp-content\/uploads\/2018\/05\/mug_web-800x800.png 800w, https:\/\/hellobugco.com\/wp-content\/uploads\/2018\/05\/mug_web-600x600.png 600w\" sizes=\"auto, (max-width: 1500px) 100vw, 1500px\" \/>\n          <\/div>\n        <\/div>\n      <\/div>\n    <\/div>\n\t\t\t<\/div> \n\t\t<\/div>\n\t<\/div> \n<\/div><\/div>","protected":false},"excerpt":{"rendered":"Meet the Bugs! Buzz Role: The Boss Height: 6.2mm Gender: Female Characteristics: Dominating, Demanding, Aggressive Aspirations: World domination Likes to: Prove Bugs can take on...","protected":false},"author":1,"featured_media":0,"parent":0,"menu_order":0,"comment_status":"closed","ping_status":"closed","template":"","meta":{"footnotes":""},"class_list":["post-5975","page","type-page","status-publish"],"yoast_head":"<!-- This site is optimized with the Yoast SEO plugin v26.2 - https:\/\/yoast.com\/wordpress\/plugins\/seo\/ -->\n<title>Meet the Bugs - TheBugCo<\/title>\n<meta name=\"robots\" content=\"index, follow, max-snippet:-1, max-image-preview:large, max-video-preview:-1\" \/>\n<link rel=\"canonical\" href=\"https:\/\/hellobugco.com\/de\/meet-the-bugs\/\" \/>\n<meta property=\"og:locale\" content=\"de_DE\" \/>\n<meta property=\"og:type\" content=\"article\" \/>\n<meta property=\"og:title\" content=\"Meet the Bugs - TheBugCo\" \/>\n<meta property=\"og:url\" content=\"https:\/\/hellobugco.com\/de\/meet-the-bugs\/\" \/>\n<meta property=\"og:site_name\" content=\"TheBugCo\" \/>\n<meta property=\"article:modified_time\" content=\"2018-08-02T09:41:07+00:00\" \/>\n<meta name=\"twitter:card\" content=\"summary_large_image\" \/>\n<meta name=\"twitter:label1\" content=\"Gesch\u00e4tzte Lesezeit\" \/>\n\t<meta name=\"twitter:data1\" content=\"6\u00a0Minuten\" \/>\n<script type=\"application\/ld+json\" class=\"yoast-schema-graph\">{\"@context\":\"https:\/\/schema.org\",\"@graph\":[{\"@type\":\"WebPage\",\"@id\":\"https:\/\/hellobugco.com\/meet-the-bugs\/\",\"url\":\"https:\/\/hellobugco.com\/meet-the-bugs\/\",\"name\":\"Meet the Bugs - TheBugCo\",\"isPartOf\":{\"@id\":\"https:\/\/hellobugco.com\/de\/#website\"},\"datePublished\":\"2018-05-25T10:09:17+00:00\",\"dateModified\":\"2018-08-02T09:41:07+00:00\",\"breadcrumb\":{\"@id\":\"https:\/\/hellobugco.com\/meet-the-bugs\/#breadcrumb\"},\"inLanguage\":\"de\",\"potentialAction\":[{\"@type\":\"ReadAction\",\"target\":[\"https:\/\/hellobugco.com\/meet-the-bugs\/\"]}]},{\"@type\":\"BreadcrumbList\",\"@id\":\"https:\/\/hellobugco.com\/meet-the-bugs\/#breadcrumb\",\"itemListElement\":[{\"@type\":\"ListItem\",\"position\":1,\"name\":\"Home\",\"item\":\"https:\/\/hellobugco.com\/\"},{\"@type\":\"ListItem\",\"position\":2,\"name\":\"Meet the Bugs\"}]},{\"@type\":\"WebSite\",\"@id\":\"https:\/\/hellobugco.com\/de\/#website\",\"url\":\"https:\/\/hellobugco.com\/de\/\",\"name\":\"TheBugCo\",\"description\":\"#TimesUpBugs\",\"potentialAction\":[{\"@type\":\"SearchAction\",\"target\":{\"@type\":\"EntryPoint\",\"urlTemplate\":\"https:\/\/hellobugco.com\/de\/?s={search_term_string}\"},\"query-input\":{\"@type\":\"PropertyValueSpecification\",\"valueRequired\":true,\"valueName\":\"search_term_string\"}}],\"inLanguage\":\"de\"}]}<\/script>\n<!-- \/ Yoast SEO plugin. -->","yoast_head_json":{"title":"Meet the Bugs - TheBugCo","robots":{"index":"index","follow":"follow","max-snippet":"max-snippet:-1","max-image-preview":"max-image-preview:large","max-video-preview":"max-video-preview:-1"},"canonical":"https:\/\/hellobugco.com\/de\/meet-the-bugs\/","og_locale":"de_DE","og_type":"article","og_title":"Meet the Bugs - TheBugCo","og_url":"https:\/\/hellobugco.com\/de\/meet-the-bugs\/","og_site_name":"TheBugCo","article_modified_time":"2018-08-02T09:41:07+00:00","twitter_card":"summary_large_image","twitter_misc":{"Gesch\u00e4tzte Lesezeit":"6\u00a0Minuten"},"schema":{"@context":"https:\/\/schema.org","@graph":[{"@type":"WebPage","@id":"https:\/\/hellobugco.com\/meet-the-bugs\/","url":"https:\/\/hellobugco.com\/meet-the-bugs\/","name":"Meet the Bugs - TheBugCo","isPartOf":{"@id":"https:\/\/hellobugco.com\/de\/#website"},"datePublished":"2018-05-25T10:09:17+00:00","dateModified":"2018-08-02T09:41:07+00:00","breadcrumb":{"@id":"https:\/\/hellobugco.com\/meet-the-bugs\/#breadcrumb"},"inLanguage":"de","potentialAction":[{"@type":"ReadAction","target":["https:\/\/hellobugco.com\/meet-the-bugs\/"]}]},{"@type":"BreadcrumbList","@id":"https:\/\/hellobugco.com\/meet-the-bugs\/#breadcrumb","itemListElement":[{"@type":"ListItem","position":1,"name":"Home","item":"https:\/\/hellobugco.com\/"},{"@type":"ListItem","position":2,"name":"Meet the Bugs"}]},{"@type":"WebSite","@id":"https:\/\/hellobugco.com\/de\/#website","url":"https:\/\/hellobugco.com\/de\/","name":"TheBugCo","description":"#TimesUpBugs","potentialAction":[{"@type":"SearchAction","target":{"@type":"EntryPoint","urlTemplate":"https:\/\/hellobugco.com\/de\/?s={search_term_string}"},"query-input":{"@type":"PropertyValueSpecification","valueRequired":true,"valueName":"search_term_string"}}],"inLanguage":"de"}]}},"_links":{"self":[{"href":"https:\/\/hellobugco.com\/de\/wp-json\/wp\/v2\/pages\/5975","targetHints":{"allow":["GET"]}}],"collection":[{"href":"https:\/\/hellobugco.com\/de\/wp-json\/wp\/v2\/pages"}],"about":[{"href":"https:\/\/hellobugco.com\/de\/wp-json\/wp\/v2\/types\/page"}],"author":[{"embeddable":true,"href":"https:\/\/hellobugco.com\/de\/wp-json\/wp\/v2\/users\/1"}],"replies":[{"embeddable":true,"href":"https:\/\/hellobugco.com\/de\/wp-json\/wp\/v2\/comments?post=5975"}],"version-history":[{"count":36,"href":"https:\/\/hellobugco.com\/de\/wp-json\/wp\/v2\/pages\/5975\/revisions"}],"predecessor-version":[{"id":6386,"href":"https:\/\/hellobugco.com\/de\/wp-json\/wp\/v2\/pages\/5975\/revisions\/6386"}],"wp:attachment":[{"href":"https:\/\/hellobugco.com\/de\/wp-json\/wp\/v2\/media?parent=5975"}],"curies":[{"name":"wp","href":"https:\/\/api.w.org\/{rel}","templated":true}]}}