{"id":5928,"date":"2018-05-24T08:06:42","date_gmt":"2018-05-24T08:06:42","guid":{"rendered":"https:\/\/hellobugco.com\/dev\/product\/import-placeholder-for-71\/"},"modified":"2024-04-09T08:31:57","modified_gmt":"2024-04-09T08:31:57","slug":"kids-blue-lagoon","status":"publish","type":"product","link":"https:\/\/hellobugco.com\/de\/produkt\/anti-mucken-kinderarmband-blau\/","title":{"rendered":"TheBugWatch Kids - Blaue Lagune"},"content":{"rendered":"<p><strong>TheBugWatch\u00ae<\/strong> kombiniert Technologie mit dem effektivsten M\u00fcckenschutzmittel der Natur <strong>Citriodiol\u00ae<\/strong><br \/>\n<strong>TheBugWatch\u00ae<\/strong> enth\u00e4lt ein Anti-M\u00fcckenmittel <strong>BugBlock\u2122.<\/strong> die f\u00fcr bis zu <strong>360 Stunden (15 Tage)<\/strong> nach dem \u00d6ffnen.<br \/>\nMit Hilfe der Time-Release-Technologie wird das Produkt, sobald es ge\u00f6ffnet und der Luft ausgesetzt ist, in der <strong>BugBlock\u2122.<\/strong> wird aktiviert und bildet eine <strong>360\u00b0-Schutzschild<\/strong> um den Einsatzbereich herum, um Sie vor blutsaugenden Wanzen zu sch\u00fctzen!<br \/>\n<strong>Nachf\u00fcllpacks auch in 2er-Packungen erh\u00e4ltlich<\/strong><\/p>\n<p class=\"translation-block\"><b>ANWENDUNGSHINWEISE, TIPPS &amp; EMPFEHLUNGEN<\/b><br>\r\n- \u00d6ffnen Sie die Silberfolienpackung mit dem BugBlock\u2122, um ihn zu aktivieren<br>\r\n- Stecken Sie den BugBlock in den offenen Teil von TheBugWatch\u00ae<br>\r\n- Dr\u00fccken und versiegeln Sie ihn fest, damit er gut sitzt<br>\r\n- Legen Sie TheBugWatch\u00ae um Ihr Handgelenk und stellen Sie das Band ein<br>\r\n- Zum L\u00f6sen des BugBlocks einfach von unten nach oben dr\u00fccken<br>\r\n- TheBugWatch kann an Taschen oder Buggys befestigt werden oder neben Ihnen getragen werden<br>\r\n- Um die Effizienz zu maximieren, legen Sie den BugBlock bei Nichtgebrauch in die wiederverschlie\u00dfbare Packung<br>\r\n- Deodorants und K\u00f6rpersprays k\u00f6nnen die Produktst\u00e4rke beeintr\u00e4chtigen.<br>\r\n- Nehmen Sie BugBlock nicht in den Mund.<br>\r\n- Kontakt mit den Augen vermeiden, bei Kontakt sofort mit sauberem, warmem Wasser aussp\u00fclen.<\/p>\n<p class=\"translation-block\"><strong>Wirkstoff: <\/strong><br>\r\nCitriodiol\u00ae 30% m\/m Eucalyptus citriodora \u00d6l, hydratisiert, cyclisiert.<\/p>\n<p>Vor Gebrauch Etikett lesen.<\/p>","protected":false},"excerpt":{"rendered":"<p><strong>DAS INNOVATIVE ARMBAND, DAS UNGEZIEFER FERNH\u00c4LT<\/strong><\/p>\n<p>Infundiert mit der bew\u00e4hrten Formel Citriodiol\u00ae wehrt TheBugWatch\u00ae Stechm\u00fccken bis zu 360 Stunden (15 Tage) ab.<\/p>\n<p><img loading=\"lazy\" decoding=\"async\" class=\"alignnone size-thumbnail wp-image-6356\" src=\"https:\/\/hellobugco.com\/wp-content\/uploads\/2018\/05\/leaf-150x150.png\" alt=\"\" width=\"20\" height=\"20\" srcset=\"https:\/\/hellobugco.com\/wp-content\/uploads\/2018\/05\/leaf-150x150.png 150w, https:\/\/hellobugco.com\/wp-content\/uploads\/2018\/05\/leaf-300x300.png 300w, https:\/\/hellobugco.com\/wp-content\/uploads\/2018\/05\/leaf-100x100.png 100w, https:\/\/hellobugco.com\/wp-content\/uploads\/2018\/05\/leaf-140x140.png 140w, https:\/\/hellobugco.com\/wp-content\/uploads\/2018\/05\/leaf-350x350.png 350w, https:\/\/hellobugco.com\/wp-content\/uploads\/2018\/05\/leaf.png 452w\" sizes=\"auto, (max-width: 20px) 100vw, 20px\" \/> Nat\u00fcrliche Formel (Deetfrei)<br \/>\n<img loading=\"lazy\" decoding=\"async\" class=\"alignnone size-thumbnail wp-image-6355\" src=\"https:\/\/hellobugco.com\/wp-content\/uploads\/2018\/05\/drop-150x150.png\" alt=\"\" width=\"20\" height=\"20\" srcset=\"https:\/\/hellobugco.com\/wp-content\/uploads\/2018\/05\/drop-150x150.png 150w, https:\/\/hellobugco.com\/wp-content\/uploads\/2018\/05\/drop-300x300.png 300w, https:\/\/hellobugco.com\/wp-content\/uploads\/2018\/05\/drop-100x100.png 100w, https:\/\/hellobugco.com\/wp-content\/uploads\/2018\/05\/drop-140x140.png 140w, https:\/\/hellobugco.com\/wp-content\/uploads\/2018\/05\/drop-350x350.png 350w, https:\/\/hellobugco.com\/wp-content\/uploads\/2018\/05\/drop.png 452w\" sizes=\"auto, (max-width: 20px) 100vw, 20px\" \/> Wasserbest\u00e4ndig<br \/>\n<img loading=\"lazy\" decoding=\"async\" class=\"alignnone size-thumbnail wp-image-6354\" src=\"https:\/\/hellobugco.com\/wp-content\/uploads\/2018\/05\/clock-150x150.png\" alt=\"\" width=\"20\" height=\"20\" srcset=\"https:\/\/hellobugco.com\/wp-content\/uploads\/2018\/05\/clock-150x150.png 150w, https:\/\/hellobugco.com\/wp-content\/uploads\/2018\/05\/clock-300x300.png 300w, https:\/\/hellobugco.com\/wp-content\/uploads\/2018\/05\/clock-100x100.png 100w, https:\/\/hellobugco.com\/wp-content\/uploads\/2018\/05\/clock-140x140.png 140w, https:\/\/hellobugco.com\/wp-content\/uploads\/2018\/05\/clock-350x350.png 350w, https:\/\/hellobugco.com\/wp-content\/uploads\/2018\/05\/clock.png 452w\" sizes=\"auto, (max-width: 20px) 100vw, 20px\" \/> Wirksam bis zu 360 Stunden (15 Tage)<\/p>","protected":false},"featured_media":6016,"template":"","meta":[],"product_brand":[],"product_cat":[34,35],"product_tag":[],"class_list":{"0":"post-5928","1":"product","2":"type-product","3":"status-publish","4":"has-post-thumbnail","6":"product_cat-kids","7":"product_cat-products","9":"first","10":"instock","11":"taxable","12":"shipping-taxable","13":"purchasable","14":"product-type-simple"},"yoast_head":"<!-- This site is optimized with the Yoast SEO plugin v26.2 - https:\/\/yoast.com\/wordpress\/plugins\/seo\/ -->\n<title>Children&#039;s Bug Watch \u2013 Blue Lagoon - Kids Bug Watch<\/title>\n<meta name=\"description\" content=\"The Bug Watch kids range combines technology with nature\u2019s most effective insect repellent Citriodiol, protecting from mosquitoes for up to 360 hours.\" \/>\n<meta name=\"robots\" content=\"index, follow, max-snippet:-1, max-image-preview:large, max-video-preview:-1\" \/>\n<link rel=\"canonical\" href=\"https:\/\/hellobugco.com\/de\/produkt\/anti-mucken-kinderarmband-blau\/\" \/>\n<meta property=\"og:locale\" content=\"de_DE\" \/>\n<meta property=\"og:type\" content=\"article\" \/>\n<meta property=\"og:title\" content=\"TheBugWatch Kids \u2013 Blue Lagoon\" \/>\n<meta property=\"og:description\" content=\"The Bug Co creates naturally formulated anti-mosquito products for the whole family. The Bug Watch: the Innovative Wristband that keeps bugs away.\" \/>\n<meta property=\"og:url\" content=\"https:\/\/hellobugco.com\/de\/produkt\/anti-mucken-kinderarmband-blau\/\" \/>\n<meta property=\"og:site_name\" content=\"TheBugCo\" \/>\n<meta property=\"article:modified_time\" content=\"2024-04-09T08:31:57+00:00\" \/>\n<meta property=\"og:image\" content=\"https:\/\/hellobugco.com\/wp-content\/uploads\/2018\/05\/blue-2.png\" \/>\n\t<meta property=\"og:image:width\" content=\"1500\" \/>\n\t<meta property=\"og:image:height\" content=\"1500\" \/>\n\t<meta property=\"og:image:type\" content=\"image\/png\" \/>\n<meta name=\"twitter:card\" content=\"summary_large_image\" \/>\n<meta name=\"twitter:label1\" content=\"Gesch\u00e4tzte Lesezeit\" \/>\n\t<meta name=\"twitter:data1\" content=\"1\u00a0Minute\" \/>\n<script type=\"application\/ld+json\" class=\"yoast-schema-graph\">{\"@context\":\"https:\/\/schema.org\",\"@graph\":[{\"@type\":\"WebPage\",\"@id\":\"https:\/\/hellobugco.com\/product\/kids-blue-lagoon\/\",\"url\":\"https:\/\/hellobugco.com\/product\/kids-blue-lagoon\/\",\"name\":\"Children's Bug Watch \u2013 Blue Lagoon - Kids Bug Watch\",\"isPartOf\":{\"@id\":\"https:\/\/hellobugco.com\/de\/#website\"},\"primaryImageOfPage\":{\"@id\":\"https:\/\/hellobugco.com\/product\/kids-blue-lagoon\/#primaryimage\"},\"image\":{\"@id\":\"https:\/\/hellobugco.com\/product\/kids-blue-lagoon\/#primaryimage\"},\"thumbnailUrl\":\"https:\/\/hellobugco.com\/wp-content\/uploads\/2018\/05\/blue-2.png\",\"datePublished\":\"2018-05-24T08:06:42+00:00\",\"dateModified\":\"2024-04-09T08:31:57+00:00\",\"description\":\"The Bug Watch kids range combines technology with nature\u2019s most effective insect repellent Citriodiol, protecting from mosquitoes for up to 360 hours.\",\"breadcrumb\":{\"@id\":\"https:\/\/hellobugco.com\/product\/kids-blue-lagoon\/#breadcrumb\"},\"inLanguage\":\"de\",\"potentialAction\":[{\"@type\":\"ReadAction\",\"target\":[\"https:\/\/hellobugco.com\/product\/kids-blue-lagoon\/\"]}]},{\"@type\":\"ImageObject\",\"inLanguage\":\"de\",\"@id\":\"https:\/\/hellobugco.com\/product\/kids-blue-lagoon\/#primaryimage\",\"url\":\"https:\/\/hellobugco.com\/wp-content\/uploads\/2018\/05\/blue-2.png\",\"contentUrl\":\"https:\/\/hellobugco.com\/wp-content\/uploads\/2018\/05\/blue-2.png\",\"width\":1500,\"height\":1500},{\"@type\":\"BreadcrumbList\",\"@id\":\"https:\/\/hellobugco.com\/product\/kids-blue-lagoon\/#breadcrumb\",\"itemListElement\":[{\"@type\":\"ListItem\",\"position\":1,\"name\":\"Home\",\"item\":\"https:\/\/hellobugco.com\/\"},{\"@type\":\"ListItem\",\"position\":2,\"name\":\"Shop\",\"item\":\"https:\/\/hellobugco.com\/shop\/\"},{\"@type\":\"ListItem\",\"position\":3,\"name\":\"TheBugWatch Kids &#8211; Blue Lagoon\"}]},{\"@type\":\"WebSite\",\"@id\":\"https:\/\/hellobugco.com\/de\/#website\",\"url\":\"https:\/\/hellobugco.com\/de\/\",\"name\":\"TheBugCo\",\"description\":\"#TimesUpBugs\",\"potentialAction\":[{\"@type\":\"SearchAction\",\"target\":{\"@type\":\"EntryPoint\",\"urlTemplate\":\"https:\/\/hellobugco.com\/de\/?s={search_term_string}\"},\"query-input\":{\"@type\":\"PropertyValueSpecification\",\"valueRequired\":true,\"valueName\":\"search_term_string\"}}],\"inLanguage\":\"de\"}]}<\/script>\n<!-- \/ Yoast SEO plugin. -->","yoast_head_json":{"title":"Children's Bug Watch \u2013 Blue Lagoon - Kids Bug Watch","description":"The Bug Watch kids range combines technology with nature\u2019s most effective insect repellent Citriodiol, protecting from mosquitoes for up to 360 hours.","robots":{"index":"index","follow":"follow","max-snippet":"max-snippet:-1","max-image-preview":"max-image-preview:large","max-video-preview":"max-video-preview:-1"},"canonical":"https:\/\/hellobugco.com\/de\/produkt\/anti-mucken-kinderarmband-blau\/","og_locale":"de_DE","og_type":"article","og_title":"TheBugWatch Kids \u2013 Blue Lagoon","og_description":"The Bug Co creates naturally formulated anti-mosquito products for the whole family. The Bug Watch: the Innovative Wristband that keeps bugs away.","og_url":"https:\/\/hellobugco.com\/de\/produkt\/anti-mucken-kinderarmband-blau\/","og_site_name":"TheBugCo","article_modified_time":"2024-04-09T08:31:57+00:00","og_image":[{"width":1500,"height":1500,"url":"https:\/\/hellobugco.com\/wp-content\/uploads\/2018\/05\/blue-2.png","type":"image\/png"}],"twitter_card":"summary_large_image","twitter_misc":{"Gesch\u00e4tzte Lesezeit":"1\u00a0Minute"},"schema":{"@context":"https:\/\/schema.org","@graph":[{"@type":"WebPage","@id":"https:\/\/hellobugco.com\/product\/kids-blue-lagoon\/","url":"https:\/\/hellobugco.com\/product\/kids-blue-lagoon\/","name":"Children's Bug Watch \u2013 Blue Lagoon - Kids Bug Watch","isPartOf":{"@id":"https:\/\/hellobugco.com\/de\/#website"},"primaryImageOfPage":{"@id":"https:\/\/hellobugco.com\/product\/kids-blue-lagoon\/#primaryimage"},"image":{"@id":"https:\/\/hellobugco.com\/product\/kids-blue-lagoon\/#primaryimage"},"thumbnailUrl":"https:\/\/hellobugco.com\/wp-content\/uploads\/2018\/05\/blue-2.png","datePublished":"2018-05-24T08:06:42+00:00","dateModified":"2024-04-09T08:31:57+00:00","description":"The Bug Watch kids range combines technology with nature\u2019s most effective insect repellent Citriodiol, protecting from mosquitoes for up to 360 hours.","breadcrumb":{"@id":"https:\/\/hellobugco.com\/product\/kids-blue-lagoon\/#breadcrumb"},"inLanguage":"de","potentialAction":[{"@type":"ReadAction","target":["https:\/\/hellobugco.com\/product\/kids-blue-lagoon\/"]}]},{"@type":"ImageObject","inLanguage":"de","@id":"https:\/\/hellobugco.com\/product\/kids-blue-lagoon\/#primaryimage","url":"https:\/\/hellobugco.com\/wp-content\/uploads\/2018\/05\/blue-2.png","contentUrl":"https:\/\/hellobugco.com\/wp-content\/uploads\/2018\/05\/blue-2.png","width":1500,"height":1500},{"@type":"BreadcrumbList","@id":"https:\/\/hellobugco.com\/product\/kids-blue-lagoon\/#breadcrumb","itemListElement":[{"@type":"ListItem","position":1,"name":"Home","item":"https:\/\/hellobugco.com\/"},{"@type":"ListItem","position":2,"name":"Shop","item":"https:\/\/hellobugco.com\/shop\/"},{"@type":"ListItem","position":3,"name":"TheBugWatch Kids &#8211; Blue Lagoon"}]},{"@type":"WebSite","@id":"https:\/\/hellobugco.com\/de\/#website","url":"https:\/\/hellobugco.com\/de\/","name":"TheBugCo","description":"#TimesUpBugs","potentialAction":[{"@type":"SearchAction","target":{"@type":"EntryPoint","urlTemplate":"https:\/\/hellobugco.com\/de\/?s={search_term_string}"},"query-input":{"@type":"PropertyValueSpecification","valueRequired":true,"valueName":"search_term_string"}}],"inLanguage":"de"}]}},"_links":{"self":[{"href":"https:\/\/hellobugco.com\/de\/wp-json\/wp\/v2\/product\/5928","targetHints":{"allow":["GET"]}}],"collection":[{"href":"https:\/\/hellobugco.com\/de\/wp-json\/wp\/v2\/product"}],"about":[{"href":"https:\/\/hellobugco.com\/de\/wp-json\/wp\/v2\/types\/product"}],"wp:featuredmedia":[{"embeddable":true,"href":"https:\/\/hellobugco.com\/de\/wp-json\/wp\/v2\/media\/6016"}],"wp:attachment":[{"href":"https:\/\/hellobugco.com\/de\/wp-json\/wp\/v2\/media?parent=5928"}],"wp:term":[{"taxonomy":"product_brand","embeddable":true,"href":"https:\/\/hellobugco.com\/de\/wp-json\/wp\/v2\/product_brand?post=5928"},{"taxonomy":"product_cat","embeddable":true,"href":"https:\/\/hellobugco.com\/de\/wp-json\/wp\/v2\/product_cat?post=5928"},{"taxonomy":"product_tag","embeddable":true,"href":"https:\/\/hellobugco.com\/de\/wp-json\/wp\/v2\/product_tag?post=5928"}],"curies":[{"name":"wp","href":"https:\/\/api.w.org\/{rel}","templated":true}]}}