{"id":6066,"date":"2018-06-11T18:09:04","date_gmt":"2018-06-11T18:09:04","guid":{"rendered":"https:\/\/hellobugco.com\/dev\/?post_type=product&#038;p=6066"},"modified":"2025-09-19T08:30:31","modified_gmt":"2025-09-19T08:30:31","slug":"thebugspray","status":"publish","type":"product","link":"https:\/\/hellobugco.com\/de\/produkt\/anti-mucken-spray\/","title":{"rendered":"TheBugSpray 60ml"},"content":{"rendered":"<p><strong>GEBRAUCHSANWEISUNG, TIPPS &amp; EMPFEHLUNGEN<\/strong><br \/>\n- Aufrecht und gleichm\u00e4\u00dfig auf die exponierte Haut spr\u00fchen.<br \/>\n- Bei Bedarf erneut auftragen. Nicht verschlucken.<br \/>\n- Erwachsene gelten f\u00fcr kleine Kinder.<br \/>\n\u2022 Suitable to use on infants from 6 months<br \/>\n- Sicher f\u00fcr die Verwendung w\u00e4hrend der Schwangerschaft.<br \/>\n- Treffen Sie in Bereichen mit hohem Risiko zus\u00e4tzliche Vorsichtsma\u00dfnahmen.<br \/>\n- Nur im Freien oder in einem gut bel\u00fcfteten Bereich verwenden.<br \/>\n- Enth\u00e4lt Citronellol, Eucalyptol und Limonen. Kann eine allergische Reaktion hervorrufen.<br \/>\n- Vermeiden Sie den Kontakt mit den Augen. Bei Kontakt sofort mit sauberem, warmem Wasser aussp\u00fclen.<\/p>\n<p class=\"translation-block\"><strong>Wirkstoff: <\/strong><br>\r\nCitriodiol\u00ae 30% m\/m Eucalyptus citriodora \u00d6l, hydratisiert, cyclisiert.<\/p>\n<p>Vor Gebrauch Etikett lesen.<\/p>","protected":false},"excerpt":{"rendered":"<p>TheBugSpray\u2122 enth\u00e4lt das wirksamste pflanzliche Insektenschutzmittel der Natur, Citriodiol\u00ae.<br \/>\nTheBugSpray\u2122 bietet bis zu 6 Stunden Schutz pro Anwendung und ist wirksam gegen M\u00fccken-, Stechm\u00fccken- und Zeckenstiche.<br \/>\nBei t\u00e4glicher Anwendung h\u00e4lt jede Flasche bis zu 360 Stunden (15 Tage).<\/p>\n<p><img loading=\"lazy\" decoding=\"async\" class=\"alignnone size-thumbnail wp-image-6356\" src=\"https:\/\/hellobugco.com\/wp-content\/uploads\/2018\/05\/leaf-150x150.png\" alt=\"\" width=\"20\" height=\"20\" srcset=\"https:\/\/hellobugco.com\/wp-content\/uploads\/2018\/05\/leaf-150x150.png 150w, https:\/\/hellobugco.com\/wp-content\/uploads\/2018\/05\/leaf-300x300.png 300w, https:\/\/hellobugco.com\/wp-content\/uploads\/2018\/05\/leaf-100x100.png 100w, https:\/\/hellobugco.com\/wp-content\/uploads\/2018\/05\/leaf-140x140.png 140w, https:\/\/hellobugco.com\/wp-content\/uploads\/2018\/05\/leaf-350x350.png 350w, https:\/\/hellobugco.com\/wp-content\/uploads\/2018\/05\/leaf.png 452w\" sizes=\"auto, (max-width: 20px) 100vw, 20px\" \/> Nat\u00fcrliche Formel (Deetfrei)<br \/>\n<img loading=\"lazy\" decoding=\"async\" class=\"alignnone size-thumbnail wp-image-6355\" src=\"https:\/\/hellobugco.com\/wp-content\/uploads\/2018\/05\/clock-150x150.png\" alt=\"\" width=\"20\" height=\"20\" \/> Wirksam bis zu 6 Stunden pro Anwendung<br \/>\n<img loading=\"lazy\" decoding=\"async\" class=\"alignnone size-thumbnail wp-image-6354\" src=\"https:\/\/hellobugco.com\/wp-content\/uploads\/2018\/06\/TheBugCo-Safe-Icon-300x281.png\" alt=\"\" width=\"300\" height=\"281\" \/> Suitable to use on infants from 6 months<br \/>\n<img loading=\"lazy\" decoding=\"async\" class=\"alignnone size-thumbnail wp-image-6354\" src=\"https:\/\/hellobugco.com\/wp-content\/uploads\/2018\/06\/TheBugCo-Pregant-Icon.png\" alt=\"\" width=\"126\" height=\"300\" \/> Geeignet f\u00fcr Kinder und w\u00e4hrend der Schwangerschaft<\/p>","protected":false},"featured_media":6170,"template":"","meta":[],"product_brand":[],"product_cat":[37,35],"product_tag":[],"class_list":{"0":"post-6066","1":"product","2":"type-product","3":"status-publish","4":"has-post-thumbnail","6":"product_cat-accessories","7":"product_cat-products","9":"first","10":"instock","11":"taxable","12":"shipping-taxable","13":"purchasable","14":"product-type-simple"},"yoast_head":"<!-- This site is optimized with the Yoast SEO plugin v26.2 - https:\/\/yoast.com\/wordpress\/plugins\/seo\/ -->\n<title>The Bug Spray - 60ml Citriodiol Spray - Best Insect Repellent - The Bug Co<\/title>\n<meta name=\"description\" content=\"This bug spray insect repellent is a safe and natural spray that is applied to skin and is effective against mosquito, midge and tick bites. The Bug Spray. The travel must have.\" \/>\n<meta name=\"robots\" content=\"index, follow, max-snippet:-1, max-image-preview:large, max-video-preview:-1\" \/>\n<link rel=\"canonical\" href=\"https:\/\/hellobugco.com\/de\/produkt\/anti-mucken-spray\/\" \/>\n<meta property=\"og:locale\" content=\"de_DE\" \/>\n<meta property=\"og:type\" content=\"article\" \/>\n<meta property=\"og:title\" content=\"TheBugSpray 60ml\" \/>\n<meta property=\"og:description\" content=\"TheBugSpray\u2122 contains natures most effective plant-based insect repellent Citriodiol\u00aeTheBugSpray\u2122 provides up to 6 hours protection per application and is effective against mosquito, midge and tick bites.\" \/>\n<meta property=\"og:url\" content=\"https:\/\/hellobugco.com\/de\/produkt\/anti-mucken-spray\/\" \/>\n<meta property=\"og:site_name\" content=\"TheBugCo\" \/>\n<meta property=\"article:modified_time\" content=\"2025-09-19T08:30:31+00:00\" \/>\n<meta property=\"og:image\" content=\"https:\/\/hellobugco.com\/wp-content\/uploads\/2018\/06\/TheBugSpray.png\" \/>\n\t<meta property=\"og:image:width\" content=\"1550\" \/>\n\t<meta property=\"og:image:height\" content=\"1550\" \/>\n\t<meta property=\"og:image:type\" content=\"image\/png\" \/>\n<meta name=\"twitter:card\" content=\"summary_large_image\" \/>\n<meta name=\"twitter:label1\" content=\"Gesch\u00e4tzte Lesezeit\" \/>\n\t<meta name=\"twitter:data1\" content=\"1\u00a0Minute\" \/>\n<script type=\"application\/ld+json\" class=\"yoast-schema-graph\">{\"@context\":\"https:\/\/schema.org\",\"@graph\":[{\"@type\":\"WebPage\",\"@id\":\"https:\/\/hellobugco.com\/product\/thebugspray\/\",\"url\":\"https:\/\/hellobugco.com\/product\/thebugspray\/\",\"name\":\"The Bug Spray - 60ml Citriodiol Spray - Best Insect Repellent - The Bug Co\",\"isPartOf\":{\"@id\":\"https:\/\/hellobugco.com\/de\/#website\"},\"primaryImageOfPage\":{\"@id\":\"https:\/\/hellobugco.com\/product\/thebugspray\/#primaryimage\"},\"image\":{\"@id\":\"https:\/\/hellobugco.com\/product\/thebugspray\/#primaryimage\"},\"thumbnailUrl\":\"https:\/\/hellobugco.com\/wp-content\/uploads\/2018\/06\/TheBugSpray.png\",\"datePublished\":\"2018-06-11T18:09:04+00:00\",\"dateModified\":\"2025-09-19T08:30:31+00:00\",\"description\":\"This bug spray insect repellent is a safe and natural spray that is applied to skin and is effective against mosquito, midge and tick bites. The Bug Spray. The travel must have.\",\"breadcrumb\":{\"@id\":\"https:\/\/hellobugco.com\/product\/thebugspray\/#breadcrumb\"},\"inLanguage\":\"de\",\"potentialAction\":[{\"@type\":\"ReadAction\",\"target\":[\"https:\/\/hellobugco.com\/product\/thebugspray\/\"]}]},{\"@type\":\"ImageObject\",\"inLanguage\":\"de\",\"@id\":\"https:\/\/hellobugco.com\/product\/thebugspray\/#primaryimage\",\"url\":\"https:\/\/hellobugco.com\/wp-content\/uploads\/2018\/06\/TheBugSpray.png\",\"contentUrl\":\"https:\/\/hellobugco.com\/wp-content\/uploads\/2018\/06\/TheBugSpray.png\",\"width\":1550,\"height\":1550},{\"@type\":\"BreadcrumbList\",\"@id\":\"https:\/\/hellobugco.com\/product\/thebugspray\/#breadcrumb\",\"itemListElement\":[{\"@type\":\"ListItem\",\"position\":1,\"name\":\"Home\",\"item\":\"https:\/\/hellobugco.com\/\"},{\"@type\":\"ListItem\",\"position\":2,\"name\":\"Shop\",\"item\":\"https:\/\/hellobugco.com\/shop\/\"},{\"@type\":\"ListItem\",\"position\":3,\"name\":\"TheBugSpray 60ml\"}]},{\"@type\":\"WebSite\",\"@id\":\"https:\/\/hellobugco.com\/de\/#website\",\"url\":\"https:\/\/hellobugco.com\/de\/\",\"name\":\"TheBugCo\",\"description\":\"#TimesUpBugs\",\"potentialAction\":[{\"@type\":\"SearchAction\",\"target\":{\"@type\":\"EntryPoint\",\"urlTemplate\":\"https:\/\/hellobugco.com\/de\/?s={search_term_string}\"},\"query-input\":{\"@type\":\"PropertyValueSpecification\",\"valueRequired\":true,\"valueName\":\"search_term_string\"}}],\"inLanguage\":\"de\"}]}<\/script>\n<!-- \/ Yoast SEO plugin. -->","yoast_head_json":{"title":"The Bug Spray - 60ml Citriodiol Spray - Best Insect Repellent - The Bug Co","description":"This bug spray insect repellent is a safe and natural spray that is applied to skin and is effective against mosquito, midge and tick bites. The Bug Spray. The travel must have.","robots":{"index":"index","follow":"follow","max-snippet":"max-snippet:-1","max-image-preview":"max-image-preview:large","max-video-preview":"max-video-preview:-1"},"canonical":"https:\/\/hellobugco.com\/de\/produkt\/anti-mucken-spray\/","og_locale":"de_DE","og_type":"article","og_title":"TheBugSpray 60ml","og_description":"TheBugSpray\u2122 contains natures most effective plant-based insect repellent Citriodiol\u00aeTheBugSpray\u2122 provides up to 6 hours protection per application and is effective against mosquito, midge and tick bites.","og_url":"https:\/\/hellobugco.com\/de\/produkt\/anti-mucken-spray\/","og_site_name":"TheBugCo","article_modified_time":"2025-09-19T08:30:31+00:00","og_image":[{"width":1550,"height":1550,"url":"https:\/\/hellobugco.com\/wp-content\/uploads\/2018\/06\/TheBugSpray.png","type":"image\/png"}],"twitter_card":"summary_large_image","twitter_misc":{"Gesch\u00e4tzte Lesezeit":"1\u00a0Minute"},"schema":{"@context":"https:\/\/schema.org","@graph":[{"@type":"WebPage","@id":"https:\/\/hellobugco.com\/product\/thebugspray\/","url":"https:\/\/hellobugco.com\/product\/thebugspray\/","name":"The Bug Spray - 60ml Citriodiol Spray - Best Insect Repellent - The Bug Co","isPartOf":{"@id":"https:\/\/hellobugco.com\/de\/#website"},"primaryImageOfPage":{"@id":"https:\/\/hellobugco.com\/product\/thebugspray\/#primaryimage"},"image":{"@id":"https:\/\/hellobugco.com\/product\/thebugspray\/#primaryimage"},"thumbnailUrl":"https:\/\/hellobugco.com\/wp-content\/uploads\/2018\/06\/TheBugSpray.png","datePublished":"2018-06-11T18:09:04+00:00","dateModified":"2025-09-19T08:30:31+00:00","description":"This bug spray insect repellent is a safe and natural spray that is applied to skin and is effective against mosquito, midge and tick bites. The Bug Spray. The travel must have.","breadcrumb":{"@id":"https:\/\/hellobugco.com\/product\/thebugspray\/#breadcrumb"},"inLanguage":"de","potentialAction":[{"@type":"ReadAction","target":["https:\/\/hellobugco.com\/product\/thebugspray\/"]}]},{"@type":"ImageObject","inLanguage":"de","@id":"https:\/\/hellobugco.com\/product\/thebugspray\/#primaryimage","url":"https:\/\/hellobugco.com\/wp-content\/uploads\/2018\/06\/TheBugSpray.png","contentUrl":"https:\/\/hellobugco.com\/wp-content\/uploads\/2018\/06\/TheBugSpray.png","width":1550,"height":1550},{"@type":"BreadcrumbList","@id":"https:\/\/hellobugco.com\/product\/thebugspray\/#breadcrumb","itemListElement":[{"@type":"ListItem","position":1,"name":"Home","item":"https:\/\/hellobugco.com\/"},{"@type":"ListItem","position":2,"name":"Shop","item":"https:\/\/hellobugco.com\/shop\/"},{"@type":"ListItem","position":3,"name":"TheBugSpray 60ml"}]},{"@type":"WebSite","@id":"https:\/\/hellobugco.com\/de\/#website","url":"https:\/\/hellobugco.com\/de\/","name":"TheBugCo","description":"#TimesUpBugs","potentialAction":[{"@type":"SearchAction","target":{"@type":"EntryPoint","urlTemplate":"https:\/\/hellobugco.com\/de\/?s={search_term_string}"},"query-input":{"@type":"PropertyValueSpecification","valueRequired":true,"valueName":"search_term_string"}}],"inLanguage":"de"}]}},"_links":{"self":[{"href":"https:\/\/hellobugco.com\/de\/wp-json\/wp\/v2\/product\/6066","targetHints":{"allow":["GET"]}}],"collection":[{"href":"https:\/\/hellobugco.com\/de\/wp-json\/wp\/v2\/product"}],"about":[{"href":"https:\/\/hellobugco.com\/de\/wp-json\/wp\/v2\/types\/product"}],"wp:featuredmedia":[{"embeddable":true,"href":"https:\/\/hellobugco.com\/de\/wp-json\/wp\/v2\/media\/6170"}],"wp:attachment":[{"href":"https:\/\/hellobugco.com\/de\/wp-json\/wp\/v2\/media?parent=6066"}],"wp:term":[{"taxonomy":"product_brand","embeddable":true,"href":"https:\/\/hellobugco.com\/de\/wp-json\/wp\/v2\/product_brand?post=6066"},{"taxonomy":"product_cat","embeddable":true,"href":"https:\/\/hellobugco.com\/de\/wp-json\/wp\/v2\/product_cat?post=6066"},{"taxonomy":"product_tag","embeddable":true,"href":"https:\/\/hellobugco.com\/de\/wp-json\/wp\/v2\/product_tag?post=6066"}],"curies":[{"name":"wp","href":"https:\/\/api.w.org\/{rel}","templated":true}]}}