{"id":5928,"date":"2018-05-24T08:06:42","date_gmt":"2018-05-24T08:06:42","guid":{"rendered":"https:\/\/hellobugco.com\/dev\/product\/import-placeholder-for-71\/"},"modified":"2024-04-09T08:31:57","modified_gmt":"2024-04-09T08:31:57","slug":"kids-blue-lagoon","status":"publish","type":"product","link":"https:\/\/hellobugco.com\/fr\/produit\/bracelet-protection-enfant\/","title":{"rendered":"TheBugWatch Kids - Lagon bleu"},"content":{"rendered":"<p><strong>TheBugWatch\u00ae<\/strong> combine la technologie avec l'anti-moustique le plus efficace de la nature <strong>Citriodiol\u00ae.<\/strong><br \/>\n<strong>TheBugWatch\u00ae<\/strong> comprend un anti-moustique <strong>BugBlock\u2122<\/strong> qui est efficace jusqu'\u00e0 <strong>360 heures (15 jours)<\/strong> apr\u00e8s ouverture.<br \/>\nGr\u00e2ce \u00e0 la technologie de lib\u00e9ration \u00e0 retardement, une fois ouvert et expos\u00e9 \u00e0 l'air, le <strong>BugBlock\u2122<\/strong> s'active, formant un <strong>Bouclier de protection \u00e0 360<\/strong> autour de la zone d'utilisation, vous prot\u00e9geant des insectes suceurs de sang !<br \/>\n<strong>Recharges \u00e9galement disponibles en paquets de 2<\/strong><\/p>\n<p class=\"translation-block\"><b>Mode d'emploi, conseils et recommandations<\/b><br>.\n- Ouvrez l'emballage en feuille d'argent contenant le BugBlock\u2122 pour l'activer<br>.\n- Ins\u00e9rez le BugBlock dans la section ouverte du TheBugWatch\u00ae<br>.\n- Appuyez et fermez herm\u00e9tiquement pour assurer un bon ajustement<br>.\n- Placez TheBugWatch\u00ae sur votre poignet et ajustez le bracelet<br>.\n- Pour lib\u00e9rer le BugBlock, il suffit de le pousser du bas vers le haut<br>.\n- TheBugWatch peut \u00eatre attach\u00e9 \u00e0 un sac, une poussette ou gard\u00e9 \u00e0 c\u00f4t\u00e9 de vous<br>\n- Pour une efficacit\u00e9 maximale, replacez le BugBlock dans un emballage refermable lorsque vous ne l'utilisez pas.\n- Les d\u00e9odorants et les sprays corporels peuvent affecter la r\u00e9sistance du produit.<br>\n- Ne pas placer BugBlock dans la bouche.<br>\n- \u00c9viter le contact avec les yeux, en cas de contact, rincer imm\u00e9diatement \u00e0 l'eau propre et chaude.<\/p>\n<p class=\"translation-block\"><strong>Ingr\u00e9dient actif : <\/strong><br>\nCitriodiol\u00ae 30% m\/m Huile d'Eucalyptus citriodora, hydrat\u00e9e, cyclis\u00e9e.<\/p>\n<p>Lire l'\u00e9tiquette avant l'utilisation.<\/p>","protected":false},"excerpt":{"rendered":"<p><strong>LE BRACELET INNOVANT QUI TIENT LES INSECTES \u00c0 DISTANCE<\/strong><\/p>\n<p>Infus\u00e9 de la formule \u00e9prouv\u00e9e Citriodiol\u00ae TheBugWatch\u00ae repousse les moustiques jusqu'\u00e0 360 heures (15 jours).<\/p>\n<p><img loading=\"lazy\" decoding=\"async\" class=\"alignnone size-thumbnail wp-image-6356\" src=\"https:\/\/hellobugco.com\/wp-content\/uploads\/2018\/05\/leaf-150x150.png\" alt=\"\" width=\"20\" height=\"20\" srcset=\"https:\/\/hellobugco.com\/wp-content\/uploads\/2018\/05\/leaf-150x150.png 150w, https:\/\/hellobugco.com\/wp-content\/uploads\/2018\/05\/leaf-300x300.png 300w, https:\/\/hellobugco.com\/wp-content\/uploads\/2018\/05\/leaf-100x100.png 100w, https:\/\/hellobugco.com\/wp-content\/uploads\/2018\/05\/leaf-140x140.png 140w, https:\/\/hellobugco.com\/wp-content\/uploads\/2018\/05\/leaf-350x350.png 350w, https:\/\/hellobugco.com\/wp-content\/uploads\/2018\/05\/leaf.png 452w\" sizes=\"auto, (max-width: 20px) 100vw, 20px\" \/> Formule naturelle (sans Deet)<br \/>\n<img loading=\"lazy\" decoding=\"async\" class=\"alignnone size-thumbnail wp-image-6355\" src=\"https:\/\/hellobugco.com\/wp-content\/uploads\/2018\/05\/drop-150x150.png\" alt=\"\" width=\"20\" height=\"20\" srcset=\"https:\/\/hellobugco.com\/wp-content\/uploads\/2018\/05\/drop-150x150.png 150w, https:\/\/hellobugco.com\/wp-content\/uploads\/2018\/05\/drop-300x300.png 300w, https:\/\/hellobugco.com\/wp-content\/uploads\/2018\/05\/drop-100x100.png 100w, https:\/\/hellobugco.com\/wp-content\/uploads\/2018\/05\/drop-140x140.png 140w, https:\/\/hellobugco.com\/wp-content\/uploads\/2018\/05\/drop-350x350.png 350w, https:\/\/hellobugco.com\/wp-content\/uploads\/2018\/05\/drop.png 452w\" sizes=\"auto, (max-width: 20px) 100vw, 20px\" \/> R\u00e9sistant \u00e0 l'eau<br \/>\n<img loading=\"lazy\" decoding=\"async\" class=\"alignnone size-thumbnail wp-image-6354\" src=\"https:\/\/hellobugco.com\/wp-content\/uploads\/2018\/05\/clock-150x150.png\" alt=\"\" width=\"20\" height=\"20\" srcset=\"https:\/\/hellobugco.com\/wp-content\/uploads\/2018\/05\/clock-150x150.png 150w, https:\/\/hellobugco.com\/wp-content\/uploads\/2018\/05\/clock-300x300.png 300w, https:\/\/hellobugco.com\/wp-content\/uploads\/2018\/05\/clock-100x100.png 100w, https:\/\/hellobugco.com\/wp-content\/uploads\/2018\/05\/clock-140x140.png 140w, https:\/\/hellobugco.com\/wp-content\/uploads\/2018\/05\/clock-350x350.png 350w, https:\/\/hellobugco.com\/wp-content\/uploads\/2018\/05\/clock.png 452w\" sizes=\"auto, (max-width: 20px) 100vw, 20px\" \/> Efficace jusqu'\u00e0 360 heures (15 jours)<\/p>","protected":false},"featured_media":6016,"template":"","meta":[],"product_brand":[],"product_cat":[34,35],"product_tag":[],"class_list":{"0":"post-5928","1":"product","2":"type-product","3":"status-publish","4":"has-post-thumbnail","6":"product_cat-kids","7":"product_cat-products","9":"first","10":"instock","11":"taxable","12":"shipping-taxable","13":"purchasable","14":"product-type-simple"},"yoast_head":"<!-- This site is optimized with the Yoast SEO plugin v26.2 - https:\/\/yoast.com\/wordpress\/plugins\/seo\/ -->\n<title>Children&#039;s Bug Watch \u2013 Blue Lagoon - Kids Bug Watch<\/title>\n<meta name=\"description\" content=\"The Bug Watch kids range combines technology with nature\u2019s most effective insect repellent Citriodiol, protecting from mosquitoes for up to 360 hours.\" \/>\n<meta name=\"robots\" content=\"index, follow, max-snippet:-1, max-image-preview:large, max-video-preview:-1\" \/>\n<link rel=\"canonical\" href=\"https:\/\/hellobugco.com\/fr\/produit\/bracelet-protection-enfant\/\" \/>\n<meta property=\"og:locale\" content=\"fr_FR\" \/>\n<meta property=\"og:type\" content=\"article\" \/>\n<meta property=\"og:title\" content=\"TheBugWatch Kids \u2013 Blue Lagoon\" \/>\n<meta property=\"og:description\" content=\"The Bug Co creates naturally formulated anti-mosquito products for the whole family. The Bug Watch: the Innovative Wristband that keeps bugs away.\" \/>\n<meta property=\"og:url\" content=\"https:\/\/hellobugco.com\/fr\/produit\/bracelet-protection-enfant\/\" \/>\n<meta property=\"og:site_name\" content=\"TheBugCo\" \/>\n<meta property=\"article:modified_time\" content=\"2024-04-09T08:31:57+00:00\" \/>\n<meta property=\"og:image\" content=\"https:\/\/hellobugco.com\/wp-content\/uploads\/2018\/05\/blue-2.png\" \/>\n\t<meta property=\"og:image:width\" content=\"1500\" \/>\n\t<meta property=\"og:image:height\" content=\"1500\" \/>\n\t<meta property=\"og:image:type\" content=\"image\/png\" \/>\n<meta name=\"twitter:card\" content=\"summary_large_image\" \/>\n<meta name=\"twitter:label1\" content=\"Dur\u00e9e de lecture estim\u00e9e\" \/>\n\t<meta name=\"twitter:data1\" content=\"1 minute\" \/>\n<script type=\"application\/ld+json\" class=\"yoast-schema-graph\">{\"@context\":\"https:\/\/schema.org\",\"@graph\":[{\"@type\":\"WebPage\",\"@id\":\"https:\/\/hellobugco.com\/product\/kids-blue-lagoon\/\",\"url\":\"https:\/\/hellobugco.com\/product\/kids-blue-lagoon\/\",\"name\":\"Children's Bug Watch \u2013 Blue Lagoon - Kids Bug Watch\",\"isPartOf\":{\"@id\":\"https:\/\/hellobugco.com\/de\/#website\"},\"primaryImageOfPage\":{\"@id\":\"https:\/\/hellobugco.com\/product\/kids-blue-lagoon\/#primaryimage\"},\"image\":{\"@id\":\"https:\/\/hellobugco.com\/product\/kids-blue-lagoon\/#primaryimage\"},\"thumbnailUrl\":\"https:\/\/hellobugco.com\/wp-content\/uploads\/2018\/05\/blue-2.png\",\"datePublished\":\"2018-05-24T08:06:42+00:00\",\"dateModified\":\"2024-04-09T08:31:57+00:00\",\"description\":\"The Bug Watch kids range combines technology with nature\u2019s most effective insect repellent Citriodiol, protecting from mosquitoes for up to 360 hours.\",\"breadcrumb\":{\"@id\":\"https:\/\/hellobugco.com\/product\/kids-blue-lagoon\/#breadcrumb\"},\"inLanguage\":\"fr-FR\",\"potentialAction\":[{\"@type\":\"ReadAction\",\"target\":[\"https:\/\/hellobugco.com\/product\/kids-blue-lagoon\/\"]}]},{\"@type\":\"ImageObject\",\"inLanguage\":\"fr-FR\",\"@id\":\"https:\/\/hellobugco.com\/product\/kids-blue-lagoon\/#primaryimage\",\"url\":\"https:\/\/hellobugco.com\/wp-content\/uploads\/2018\/05\/blue-2.png\",\"contentUrl\":\"https:\/\/hellobugco.com\/wp-content\/uploads\/2018\/05\/blue-2.png\",\"width\":1500,\"height\":1500},{\"@type\":\"BreadcrumbList\",\"@id\":\"https:\/\/hellobugco.com\/product\/kids-blue-lagoon\/#breadcrumb\",\"itemListElement\":[{\"@type\":\"ListItem\",\"position\":1,\"name\":\"Home\",\"item\":\"https:\/\/hellobugco.com\/\"},{\"@type\":\"ListItem\",\"position\":2,\"name\":\"Shop\",\"item\":\"https:\/\/hellobugco.com\/shop\/\"},{\"@type\":\"ListItem\",\"position\":3,\"name\":\"TheBugWatch Kids &#8211; Blue Lagoon\"}]},{\"@type\":\"WebSite\",\"@id\":\"https:\/\/hellobugco.com\/de\/#website\",\"url\":\"https:\/\/hellobugco.com\/de\/\",\"name\":\"TheBugCo\",\"description\":\"#TimesUpBugs\",\"potentialAction\":[{\"@type\":\"SearchAction\",\"target\":{\"@type\":\"EntryPoint\",\"urlTemplate\":\"https:\/\/hellobugco.com\/de\/?s={search_term_string}\"},\"query-input\":{\"@type\":\"PropertyValueSpecification\",\"valueRequired\":true,\"valueName\":\"search_term_string\"}}],\"inLanguage\":\"fr-FR\"}]}<\/script>\n<!-- \/ Yoast SEO plugin. -->","yoast_head_json":{"title":"Children's Bug Watch \u2013 Blue Lagoon - Kids Bug Watch","description":"The Bug Watch kids range combines technology with nature\u2019s most effective insect repellent Citriodiol, protecting from mosquitoes for up to 360 hours.","robots":{"index":"index","follow":"follow","max-snippet":"max-snippet:-1","max-image-preview":"max-image-preview:large","max-video-preview":"max-video-preview:-1"},"canonical":"https:\/\/hellobugco.com\/fr\/produit\/bracelet-protection-enfant\/","og_locale":"fr_FR","og_type":"article","og_title":"TheBugWatch Kids \u2013 Blue Lagoon","og_description":"The Bug Co creates naturally formulated anti-mosquito products for the whole family. The Bug Watch: the Innovative Wristband that keeps bugs away.","og_url":"https:\/\/hellobugco.com\/fr\/produit\/bracelet-protection-enfant\/","og_site_name":"TheBugCo","article_modified_time":"2024-04-09T08:31:57+00:00","og_image":[{"width":1500,"height":1500,"url":"https:\/\/hellobugco.com\/wp-content\/uploads\/2018\/05\/blue-2.png","type":"image\/png"}],"twitter_card":"summary_large_image","twitter_misc":{"Dur\u00e9e de lecture estim\u00e9e":"1 minute"},"schema":{"@context":"https:\/\/schema.org","@graph":[{"@type":"WebPage","@id":"https:\/\/hellobugco.com\/product\/kids-blue-lagoon\/","url":"https:\/\/hellobugco.com\/product\/kids-blue-lagoon\/","name":"Children's Bug Watch \u2013 Blue Lagoon - Kids Bug Watch","isPartOf":{"@id":"https:\/\/hellobugco.com\/de\/#website"},"primaryImageOfPage":{"@id":"https:\/\/hellobugco.com\/product\/kids-blue-lagoon\/#primaryimage"},"image":{"@id":"https:\/\/hellobugco.com\/product\/kids-blue-lagoon\/#primaryimage"},"thumbnailUrl":"https:\/\/hellobugco.com\/wp-content\/uploads\/2018\/05\/blue-2.png","datePublished":"2018-05-24T08:06:42+00:00","dateModified":"2024-04-09T08:31:57+00:00","description":"The Bug Watch kids range combines technology with nature\u2019s most effective insect repellent Citriodiol, protecting from mosquitoes for up to 360 hours.","breadcrumb":{"@id":"https:\/\/hellobugco.com\/product\/kids-blue-lagoon\/#breadcrumb"},"inLanguage":"fr-FR","potentialAction":[{"@type":"ReadAction","target":["https:\/\/hellobugco.com\/product\/kids-blue-lagoon\/"]}]},{"@type":"ImageObject","inLanguage":"fr-FR","@id":"https:\/\/hellobugco.com\/product\/kids-blue-lagoon\/#primaryimage","url":"https:\/\/hellobugco.com\/wp-content\/uploads\/2018\/05\/blue-2.png","contentUrl":"https:\/\/hellobugco.com\/wp-content\/uploads\/2018\/05\/blue-2.png","width":1500,"height":1500},{"@type":"BreadcrumbList","@id":"https:\/\/hellobugco.com\/product\/kids-blue-lagoon\/#breadcrumb","itemListElement":[{"@type":"ListItem","position":1,"name":"Home","item":"https:\/\/hellobugco.com\/"},{"@type":"ListItem","position":2,"name":"Shop","item":"https:\/\/hellobugco.com\/shop\/"},{"@type":"ListItem","position":3,"name":"TheBugWatch Kids &#8211; Blue Lagoon"}]},{"@type":"WebSite","@id":"https:\/\/hellobugco.com\/de\/#website","url":"https:\/\/hellobugco.com\/de\/","name":"TheBugCo","description":"#TimesUpBugs","potentialAction":[{"@type":"SearchAction","target":{"@type":"EntryPoint","urlTemplate":"https:\/\/hellobugco.com\/de\/?s={search_term_string}"},"query-input":{"@type":"PropertyValueSpecification","valueRequired":true,"valueName":"search_term_string"}}],"inLanguage":"fr-FR"}]}},"_links":{"self":[{"href":"https:\/\/hellobugco.com\/fr\/wp-json\/wp\/v2\/product\/5928","targetHints":{"allow":["GET"]}}],"collection":[{"href":"https:\/\/hellobugco.com\/fr\/wp-json\/wp\/v2\/product"}],"about":[{"href":"https:\/\/hellobugco.com\/fr\/wp-json\/wp\/v2\/types\/product"}],"wp:featuredmedia":[{"embeddable":true,"href":"https:\/\/hellobugco.com\/fr\/wp-json\/wp\/v2\/media\/6016"}],"wp:attachment":[{"href":"https:\/\/hellobugco.com\/fr\/wp-json\/wp\/v2\/media?parent=5928"}],"wp:term":[{"taxonomy":"product_brand","embeddable":true,"href":"https:\/\/hellobugco.com\/fr\/wp-json\/wp\/v2\/product_brand?post=5928"},{"taxonomy":"product_cat","embeddable":true,"href":"https:\/\/hellobugco.com\/fr\/wp-json\/wp\/v2\/product_cat?post=5928"},{"taxonomy":"product_tag","embeddable":true,"href":"https:\/\/hellobugco.com\/fr\/wp-json\/wp\/v2\/product_tag?post=5928"}],"curies":[{"name":"wp","href":"https:\/\/api.w.org\/{rel}","templated":true}]}}