{"id":6069,"date":"2018-06-10T18:11:55","date_gmt":"2018-06-10T18:11:55","guid":{"rendered":"https:\/\/hellobugco.com\/dev\/?post_type=product&#038;p=6069"},"modified":"2024-04-09T08:32:48","modified_gmt":"2024-04-09T08:32:48","slug":"thebugbite","status":"publish","type":"product","link":"https:\/\/hellobugco.com\/fr\/produit\/spray-rafraichissant-morsure-d-insecte\/","title":{"rendered":"TheBugBite 50ml"},"content":{"rendered":"<p><strong>MODE D'EMPLOI, CONSEILS ET RECOMMANDATIONS<\/strong><br \/>\n- Vaporisez verticalement et uniform\u00e9ment sur la zone concern\u00e9e et laissez s\u00e9cher.<br \/>\n- Ne pas appliquer directement sur le visage ; vaporiser dans la paume de la main et appliquer sur le visage, en prenant soin d'\u00e9viter la zone des yeux.<br \/>\n- Ne pas utiliser sur une peau douloureuse, ab\u00eem\u00e9e ou irrit\u00e9e.<br \/>\n- En cas d'irritation cutan\u00e9e, cesser imm\u00e9diatement l'utilisation.<br \/>\n- \u00c9viter tout contact avec les yeux. En cas de contact, rincer imm\u00e9diatement \u00e0 l'eau propre et chaude.<\/p>\n<p><strong>Ingr\u00e9dients : <\/strong><br \/>\nAqua, Glycerin, Polyvinylcaprolactam, Leptospermum Petersonii (Lemon Tea Tree) Oil, Bisabolol, Citral, Geraniol, Linalool, Eugenol, Limonene, Farnesol, Citronellol.<\/p>\n<p>Lire l'\u00e9tiquette avant l'utilisation.<\/p>","protected":false},"excerpt":{"rendered":"<p>Le spray rafra\u00eechissant TheBugBite\u2122 a \u00e9t\u00e9 sp\u00e9cifiquement formul\u00e9 pour procurer une sensation de fra\u00eecheur \u00e0 la peau, ce qui peut contribuer \u00e0 soulager les d\u00e9mangeaisons et les irritations.<\/p>\n<p><img loading=\"lazy\" decoding=\"async\" class=\"alignnone size-thumbnail wp-image-6354\" src=\"https:\/\/hellobugco.com\/wp-content\/uploads\/2018\/05\/checkmark-150x150.png\" alt=\"\" width=\"20\" height=\"20\" \/> Action rapide<br \/>\n<img loading=\"lazy\" decoding=\"async\" class=\"alignnone size-thumbnail wp-image-6354\" src=\"https:\/\/hellobugco.com\/wp-content\/uploads\/2018\/05\/checkmark-150x150.png\" alt=\"\" width=\"20\" height=\"20\" \/> Rafra\u00eechit et apaise<br \/>\n<img loading=\"lazy\" decoding=\"async\" class=\"alignnone size-thumbnail wp-image-6354\" src=\"https:\/\/hellobugco.com\/wp-content\/uploads\/2018\/05\/checkmark-150x150.png\" alt=\"\" width=\"20\" height=\"20\" \/> Insectes et orties<\/p>","protected":false},"featured_media":6169,"template":"","meta":[],"product_brand":[],"product_cat":[37,35],"product_tag":[],"class_list":{"0":"post-6069","1":"product","2":"type-product","3":"status-publish","4":"has-post-thumbnail","6":"product_cat-accessories","7":"product_cat-products","9":"first","10":"instock","11":"taxable","12":"shipping-taxable","13":"purchasable","14":"product-type-simple"},"yoast_head":"<!-- This site is optimized with the Yoast SEO plugin v26.2 - https:\/\/yoast.com\/wordpress\/plugins\/seo\/ -->\n<title>Bug Cooling Spray - The Bug Bite \u2013 Natural After Bite Product- The Bug Co<\/title>\n<meta name=\"description\" content=\"The Bug Co have the best after bug bite product for you and the family. It cools and soothes fast from irritating insect bites. The Bug Bite. The travel must have.\" \/>\n<meta name=\"robots\" content=\"index, follow, max-snippet:-1, max-image-preview:large, max-video-preview:-1\" \/>\n<link rel=\"canonical\" href=\"https:\/\/hellobugco.com\/fr\/produit\/spray-rafraichissant-morsure-d-insecte\/\" \/>\n<meta property=\"og:locale\" content=\"fr_FR\" \/>\n<meta property=\"og:type\" content=\"article\" \/>\n<meta property=\"og:title\" content=\"TheBugBite 50ml\" \/>\n<meta property=\"og:description\" content=\"TheBugBite\u2122 Cooling Spray has been specifically formulated to provide a cooling sensation to the skin which can help to provide relief to itchy and irritated skin.\" \/>\n<meta property=\"og:url\" content=\"https:\/\/hellobugco.com\/fr\/produit\/spray-rafraichissant-morsure-d-insecte\/\" \/>\n<meta property=\"og:site_name\" content=\"TheBugCo\" \/>\n<meta property=\"article:modified_time\" content=\"2024-04-09T08:32:48+00:00\" \/>\n<meta property=\"og:image\" content=\"https:\/\/hellobugco.com\/wp-content\/uploads\/2018\/06\/TheBugBite-Bottle.png\" \/>\n\t<meta property=\"og:image:width\" content=\"1550\" \/>\n\t<meta property=\"og:image:height\" content=\"1550\" \/>\n\t<meta property=\"og:image:type\" content=\"image\/png\" \/>\n<meta name=\"twitter:card\" content=\"summary_large_image\" \/>\n<meta name=\"twitter:label1\" content=\"Dur\u00e9e de lecture estim\u00e9e\" \/>\n\t<meta name=\"twitter:data1\" content=\"1 minute\" \/>\n<script type=\"application\/ld+json\" class=\"yoast-schema-graph\">{\"@context\":\"https:\/\/schema.org\",\"@graph\":[{\"@type\":\"WebPage\",\"@id\":\"https:\/\/hellobugco.com\/product\/thebugbite\/\",\"url\":\"https:\/\/hellobugco.com\/product\/thebugbite\/\",\"name\":\"Bug Cooling Spray - The Bug Bite \u2013 Natural After Bite Product- The Bug Co\",\"isPartOf\":{\"@id\":\"https:\/\/hellobugco.com\/de\/#website\"},\"primaryImageOfPage\":{\"@id\":\"https:\/\/hellobugco.com\/product\/thebugbite\/#primaryimage\"},\"image\":{\"@id\":\"https:\/\/hellobugco.com\/product\/thebugbite\/#primaryimage\"},\"thumbnailUrl\":\"https:\/\/hellobugco.com\/wp-content\/uploads\/2018\/06\/TheBugBite-Bottle.png\",\"datePublished\":\"2018-06-10T18:11:55+00:00\",\"dateModified\":\"2024-04-09T08:32:48+00:00\",\"description\":\"The Bug Co have the best after bug bite product for you and the family. It cools and soothes fast from irritating insect bites. The Bug Bite. The travel must have.\",\"breadcrumb\":{\"@id\":\"https:\/\/hellobugco.com\/product\/thebugbite\/#breadcrumb\"},\"inLanguage\":\"fr-FR\",\"potentialAction\":[{\"@type\":\"ReadAction\",\"target\":[\"https:\/\/hellobugco.com\/product\/thebugbite\/\"]}]},{\"@type\":\"ImageObject\",\"inLanguage\":\"fr-FR\",\"@id\":\"https:\/\/hellobugco.com\/product\/thebugbite\/#primaryimage\",\"url\":\"https:\/\/hellobugco.com\/wp-content\/uploads\/2018\/06\/TheBugBite-Bottle.png\",\"contentUrl\":\"https:\/\/hellobugco.com\/wp-content\/uploads\/2018\/06\/TheBugBite-Bottle.png\",\"width\":1550,\"height\":1550},{\"@type\":\"BreadcrumbList\",\"@id\":\"https:\/\/hellobugco.com\/product\/thebugbite\/#breadcrumb\",\"itemListElement\":[{\"@type\":\"ListItem\",\"position\":1,\"name\":\"Home\",\"item\":\"https:\/\/hellobugco.com\/\"},{\"@type\":\"ListItem\",\"position\":2,\"name\":\"Shop\",\"item\":\"https:\/\/hellobugco.com\/shop\/\"},{\"@type\":\"ListItem\",\"position\":3,\"name\":\"TheBugBite 50ml\"}]},{\"@type\":\"WebSite\",\"@id\":\"https:\/\/hellobugco.com\/de\/#website\",\"url\":\"https:\/\/hellobugco.com\/de\/\",\"name\":\"TheBugCo\",\"description\":\"#TimesUpBugs\",\"potentialAction\":[{\"@type\":\"SearchAction\",\"target\":{\"@type\":\"EntryPoint\",\"urlTemplate\":\"https:\/\/hellobugco.com\/de\/?s={search_term_string}\"},\"query-input\":{\"@type\":\"PropertyValueSpecification\",\"valueRequired\":true,\"valueName\":\"search_term_string\"}}],\"inLanguage\":\"fr-FR\"}]}<\/script>\n<!-- \/ Yoast SEO plugin. -->","yoast_head_json":{"title":"Bug Cooling Spray - The Bug Bite \u2013 Natural After Bite Product- The Bug Co","description":"The Bug Co have the best after bug bite product for you and the family. It cools and soothes fast from irritating insect bites. The Bug Bite. The travel must have.","robots":{"index":"index","follow":"follow","max-snippet":"max-snippet:-1","max-image-preview":"max-image-preview:large","max-video-preview":"max-video-preview:-1"},"canonical":"https:\/\/hellobugco.com\/fr\/produit\/spray-rafraichissant-morsure-d-insecte\/","og_locale":"fr_FR","og_type":"article","og_title":"TheBugBite 50ml","og_description":"TheBugBite\u2122 Cooling Spray has been specifically formulated to provide a cooling sensation to the skin which can help to provide relief to itchy and irritated skin.","og_url":"https:\/\/hellobugco.com\/fr\/produit\/spray-rafraichissant-morsure-d-insecte\/","og_site_name":"TheBugCo","article_modified_time":"2024-04-09T08:32:48+00:00","og_image":[{"width":1550,"height":1550,"url":"https:\/\/hellobugco.com\/wp-content\/uploads\/2018\/06\/TheBugBite-Bottle.png","type":"image\/png"}],"twitter_card":"summary_large_image","twitter_misc":{"Dur\u00e9e de lecture estim\u00e9e":"1 minute"},"schema":{"@context":"https:\/\/schema.org","@graph":[{"@type":"WebPage","@id":"https:\/\/hellobugco.com\/product\/thebugbite\/","url":"https:\/\/hellobugco.com\/product\/thebugbite\/","name":"Bug Cooling Spray - The Bug Bite \u2013 Natural After Bite Product- The Bug Co","isPartOf":{"@id":"https:\/\/hellobugco.com\/de\/#website"},"primaryImageOfPage":{"@id":"https:\/\/hellobugco.com\/product\/thebugbite\/#primaryimage"},"image":{"@id":"https:\/\/hellobugco.com\/product\/thebugbite\/#primaryimage"},"thumbnailUrl":"https:\/\/hellobugco.com\/wp-content\/uploads\/2018\/06\/TheBugBite-Bottle.png","datePublished":"2018-06-10T18:11:55+00:00","dateModified":"2024-04-09T08:32:48+00:00","description":"The Bug Co have the best after bug bite product for you and the family. It cools and soothes fast from irritating insect bites. The Bug Bite. The travel must have.","breadcrumb":{"@id":"https:\/\/hellobugco.com\/product\/thebugbite\/#breadcrumb"},"inLanguage":"fr-FR","potentialAction":[{"@type":"ReadAction","target":["https:\/\/hellobugco.com\/product\/thebugbite\/"]}]},{"@type":"ImageObject","inLanguage":"fr-FR","@id":"https:\/\/hellobugco.com\/product\/thebugbite\/#primaryimage","url":"https:\/\/hellobugco.com\/wp-content\/uploads\/2018\/06\/TheBugBite-Bottle.png","contentUrl":"https:\/\/hellobugco.com\/wp-content\/uploads\/2018\/06\/TheBugBite-Bottle.png","width":1550,"height":1550},{"@type":"BreadcrumbList","@id":"https:\/\/hellobugco.com\/product\/thebugbite\/#breadcrumb","itemListElement":[{"@type":"ListItem","position":1,"name":"Home","item":"https:\/\/hellobugco.com\/"},{"@type":"ListItem","position":2,"name":"Shop","item":"https:\/\/hellobugco.com\/shop\/"},{"@type":"ListItem","position":3,"name":"TheBugBite 50ml"}]},{"@type":"WebSite","@id":"https:\/\/hellobugco.com\/de\/#website","url":"https:\/\/hellobugco.com\/de\/","name":"TheBugCo","description":"#TimesUpBugs","potentialAction":[{"@type":"SearchAction","target":{"@type":"EntryPoint","urlTemplate":"https:\/\/hellobugco.com\/de\/?s={search_term_string}"},"query-input":{"@type":"PropertyValueSpecification","valueRequired":true,"valueName":"search_term_string"}}],"inLanguage":"fr-FR"}]}},"_links":{"self":[{"href":"https:\/\/hellobugco.com\/fr\/wp-json\/wp\/v2\/product\/6069","targetHints":{"allow":["GET"]}}],"collection":[{"href":"https:\/\/hellobugco.com\/fr\/wp-json\/wp\/v2\/product"}],"about":[{"href":"https:\/\/hellobugco.com\/fr\/wp-json\/wp\/v2\/types\/product"}],"wp:featuredmedia":[{"embeddable":true,"href":"https:\/\/hellobugco.com\/fr\/wp-json\/wp\/v2\/media\/6169"}],"wp:attachment":[{"href":"https:\/\/hellobugco.com\/fr\/wp-json\/wp\/v2\/media?parent=6069"}],"wp:term":[{"taxonomy":"product_brand","embeddable":true,"href":"https:\/\/hellobugco.com\/fr\/wp-json\/wp\/v2\/product_brand?post=6069"},{"taxonomy":"product_cat","embeddable":true,"href":"https:\/\/hellobugco.com\/fr\/wp-json\/wp\/v2\/product_cat?post=6069"},{"taxonomy":"product_tag","embeddable":true,"href":"https:\/\/hellobugco.com\/fr\/wp-json\/wp\/v2\/product_tag?post=6069"}],"curies":[{"name":"wp","href":"https:\/\/api.w.org\/{rel}","templated":true}]}}